{"id":4407,"date":"2018-09-19T13:37:29","date_gmt":"2018-09-19T10:37:29","guid":{"rendered":"https:\/\/caurishealth.com\/votre-voyage\/"},"modified":"2024-02-01T13:56:43","modified_gmt":"2024-02-01T10:56:43","slug":"votre-voyage","status":"publish","type":"page","link":"https:\/\/caurishealth.com\/fr\/votre-voyage\/","title":{"rendered":"VOTRE VOYAGE"},"content":{"rendered":"<p><section data-bb-version=\"4.6.1\" id=\"bt_bb_section69e174855076c\" class=\"bt_bb_section bt_bb_color_scheme_10 bt_bb_layout_boxed_1200 bt_bb_vertical_align_top bt_bb_top_spacing_large bt_bb_bottom_spacing_normal\" style=\"; --section-primary-color:#ffffff; --section-secondary-color:var(--alternate-color);\" data-bt-override-class=\"{&quot;bt_bb_top_spacing_&quot;:{&quot;current_class&quot;:&quot;bt_bb_top_spacing_large&quot;,&quot;def&quot;:&quot;large&quot;},&quot;bt_bb_bottom_spacing_&quot;:{&quot;current_class&quot;:&quot;bt_bb_bottom_spacing_normal&quot;,&quot;def&quot;:&quot;normal&quot;}}\"><div class=\"bt_bb_port\"><div class=\"bt_bb_cell\"><div class=\"bt_bb_cell_inner\"><div class=\"bt_bb_row \"  data-bt-override-class=\"{}\"><div class=\"bt_bb_row_holder\" ><div  class=\"bt_bb_column col-xxl-12 col-xl-12 col-xs-12 col-sm-12 col-md-12 col-lg-12 bt_bb_vertical_align_bottom bt_bb_align_left bt_bb_padding_normal bt_bb_animation_fade_in animate\" style=\"; --column-width:12;\" data-width=\"12\" data-bt-override-class=\"{}\"><div class=\"bt_bb_column_content\"><div class=\"bt_bb_column_content_inner\"><div data-bb-version=\"4.6.1\" class=\"bt_bb_separator bt_bb_border_style_none bt_bb_top_spacing_none bt_bb_bottom_spacing_medium\" data-bt-override-class=\"{&quot;bt_bb_top_spacing_&quot;:{&quot;current_class&quot;:&quot;bt_bb_top_spacing_none&quot;,&quot;def&quot;:&quot;none&quot;},&quot;bt_bb_bottom_spacing_&quot;:{&quot;current_class&quot;:&quot;bt_bb_bottom_spacing_medium&quot;,&quot;def&quot;:&quot;medium&quot;,&quot;sm&quot;:&quot;none&quot;,&quot;xs&quot;:&quot;none&quot;}}\"><\/div><header data-bb-version=\"4.6.1\" class=\"bt_bb_headline bt_bb_subheadline_text_transform_default bt_bb_dash_none bt_bb_size_extralarge bt_bb_align_center\" data-bt-override-class=\"{&quot;bt_bb_size_&quot;:{&quot;current_class&quot;:&quot;bt_bb_size_extralarge&quot;,&quot;def&quot;:&quot;extralarge&quot;},&quot;bt_bb_align_&quot;:{&quot;current_class&quot;:&quot;bt_bb_align_center&quot;,&quot;def&quot;:&quot;center&quot;}}\"><h1 class=\"bt_bb_headline_tag\"><span class=\"bt_bb_headline_content\"><span>Votre <b>Voyage<\/b><\/span><\/span><\/h1><\/header><\/div><\/div><\/div><\/div><\/div><\/div><!-- cell_inner --><\/div><!-- cell --><\/div><!-- port --><\/section><section data-bb-version=\"4.6.1\" id=\"bt_bb_section69e1748550b63\" class=\"bt_bb_section bt_bb_color_scheme_10 bt_bb_layout_wide bt_bb_vertical_align_top bt_bb_top_spacing_normal bt_bb_bottom_spacing_normal\" style=\"; --section-primary-color:#ffffff; --section-secondary-color:var(--alternate-color);\" data-bt-override-class=\"{&quot;bt_bb_top_spacing_&quot;:{&quot;current_class&quot;:&quot;bt_bb_top_spacing_normal&quot;,&quot;def&quot;:&quot;normal&quot;},&quot;bt_bb_bottom_spacing_&quot;:{&quot;current_class&quot;:&quot;bt_bb_bottom_spacing_normal&quot;,&quot;def&quot;:&quot;normal&quot;}}\"><div class=\"bt_bb_port\"><div class=\"bt_bb_cell\"><div class=\"bt_bb_cell_inner\"><div data-bb-version=\"4.6.1\" class=\"bt_bb_row bt_bb_row_push_left bt_bb_content_wide bt_bb_row_width_boxed_1200 bt_bb_row_width_boxed \"  data-bt-override-class=\"{}\"><div class=\"bt_bb_row_holder\" ><div data-bb-version=\"4.6.1\"  class=\"bt_bb_column col-xxl-4 col-xl-4 col-xs-12 col-sm-12 col-md-12 col-lg-4 bt_bb_vertical_align_middle bt_bb_align_left bt_bb_padding_normal bt_bb_animation_fade_in animate\" style=\"; --column-width:4;\" data-width=\"4\" data-bt-override-class=\"{&quot;bt_bb_align_&quot;:{&quot;current_class&quot;:&quot;bt_bb_align_left&quot;,&quot;def&quot;:&quot;left&quot;},&quot;bt_bb_padding_&quot;:{&quot;current_class&quot;:&quot;bt_bb_padding_normal&quot;,&quot;def&quot;:&quot;normal&quot;}}\"><div class=\"bt_bb_column_content\"><div class=\"bt_bb_column_content_inner\"><div data-bb-version=\"4.6.1\" class=\"bt_bb_image bt_bb_shape_square bt_bb_target_self bt_bb_align_inherit bt_bb_hover_style_simple bt_bb_content_display_always bt_bb_content_align_middle\" data-bt-override-class=\"{&quot;bt_bb_align_&quot;:{&quot;current_class&quot;:&quot;bt_bb_align_inherit&quot;,&quot;def&quot;:&quot;inherit&quot;}}\"><span><img loading=\"lazy\" decoding=\"async\" width=\"1023\" height=\"1055\" src=\"https:\/\/caurishealth.com\/wp-content\/uploads\/2024\/01\/Your-Journey-2-1.jpg\" class=\"attachment-full size-full\" alt=\"https:\/\/caurishealth.com\/wp-content\/uploads\/2024\/01\/Your-Journey-2-1.jpg\" data-full_image_src=\"https:\/\/caurishealth.com\/wp-content\/uploads\/2024\/01\/Your-Journey-2-1.jpg\" title=\"Your Journey 2\" srcset=\"https:\/\/caurishealth.com\/wp-content\/uploads\/2024\/01\/Your-Journey-2-1.jpg 1023w, https:\/\/caurishealth.com\/wp-content\/uploads\/2024\/01\/Your-Journey-2-1-640x660.jpg 640w, https:\/\/caurishealth.com\/wp-content\/uploads\/2024\/01\/Your-Journey-2-1-768x792.jpg 768w, https:\/\/caurishealth.com\/wp-content\/uploads\/2024\/01\/Your-Journey-2-1-320x330.jpg 320w\" sizes=\"auto, (max-width: 1023px) 100vw, 1023px\" \/><\/span><\/div><div data-bb-version=\"4.6.1\" class=\"bt_bb_separator bt_bb_border_style_none bt_bb_top_spacing_none bt_bb_bottom_spacing_none\" data-bt-override-class=\"{&quot;bt_bb_top_spacing_&quot;:{&quot;current_class&quot;:&quot;bt_bb_top_spacing_none&quot;,&quot;def&quot;:&quot;none&quot;},&quot;bt_bb_bottom_spacing_&quot;:{&quot;current_class&quot;:&quot;bt_bb_bottom_spacing_none&quot;,&quot;def&quot;:&quot;none&quot;,&quot;sm&quot;:&quot;medium&quot;,&quot;xs&quot;:&quot;medium&quot;}}\"><\/div><\/div><\/div><\/div><div data-bb-version=\"4.6.1\"  class=\"bt_bb_column col-xxl-8 col-xl-8 col-xs-12 col-sm-12 col-md-12 col-lg-8 bt_bb_vertical_align_top bt_bb_align_left bt_bb_padding_normal\" style=\"; --column-width:8;\" data-width=\"8\" data-bt-override-class=\"{}\"><div class=\"bt_bb_column_content\"><div class=\"bt_bb_column_content_inner\"><div data-bb-version=\"4.6.1\" class=\" bt_bb_row_inner\"   data-bt-override-class=\"{}\"><div class=\"bt_bb_row_inner_holder\"  ><div data-bb-version=\"4.6.1\"  class=\"bt_bb_column_inner col-xxl-6 col-xl-6 col-xs-12 col-sm-6 col-md-6 col-lg-6 bt_bb_vertical_align_top bt_bb_align_left bt_bb_padding_normal\"  data-width=\"6\" data-bt-override-class=\"{}\"><div class=\"bt_bb_column_inner_content\"><div class=\"bt_bb_column_inner_content_inner\"><div data-bb-version=\"4.6.1\"  class=\"bt_bb_text\" ><\/p>\n<p>L\u2019\u00e9quipe de Cauris est votre guide perfectionniste tout au long des traitements qui changeront votre vie en Turquie.<br \/>Comment vous aidons-nous dans votre voyage ?<br \/>Tout d\u2019abord, nous comprenons vos besoins, vos attentes et les r\u00e9sultats que vous souhaitez obtenir.<\/p>\n<p>Notre sp\u00e9cialit\u00e9 est d\u2019associer les meilleurs chirurgiens certifi\u00e9s \u00e0 votre proc\u00e9dure unique. Les constitutions de sant\u00e9 et les m\u00e9decins sous contrat ont \u00e9t\u00e9 choisis apr\u00e8s une analyse \u00e0 long terme.<\/p>\n<p>Lorsque vous nous contactez, nous analysons votre cas et vous faisons des recommandations bas\u00e9es sur votre cas sp\u00e9cifique. Nous d\u00e9cidons quel sp\u00e9cialiste est le meilleur choix pour votre traitement. Ensuite, apr\u00e8s une p\u00e9riode de consultation avec le m\u00e9decin, nous d\u00e9cidons ensemble des d\u00e9tails. Nous avons un r\u00f4le important \u00e0 jouer : comprendre vos souhaits et les d\u00e9tails sp\u00e9cifiques de votre proc\u00e9dure.<\/p>\n<p>Prenons un exemple :<br \/>Vous souhaitez subir un lifting et la question est de savoir quels d\u00e9tails seraient utiles pour obtenir un aspect naturel et frais. Un lifting temporal, un lifting m\u00e9diofacial ou un lifting du cou ? Ou bien un lifting profond sans cicatrice devant l\u2019oreille vous donnerait-il un r\u00e9sultat naturel ?<\/p>\n<p>\n<\/div><\/div><\/div><\/div><div data-bb-version=\"4.6.1\"  class=\"bt_bb_column_inner col-xxl-6 col-xl-6 col-xs-12 col-sm-6 col-md-6 col-lg-6 bt_bb_vertical_align_top bt_bb_align_left bt_bb_padding_normal\"  data-width=\"6\" data-bt-override-class=\"{}\"><div class=\"bt_bb_column_inner_content\"><div class=\"bt_bb_column_inner_content_inner\"><div data-bb-version=\"4.6.1\"  class=\"bt_bb_text\" ><\/p>\n<p>Ou bien vous n&rsquo;\u00eates pas satisfait du degr\u00e9 d&rsquo;affaissement de votre visage ?<\/p>\n<p>En analysant vos vid\u00e9os et vos photos sous des angles sp\u00e9cifiques lors de la consultation en ligne, nous comprenons vos besoins. Et si vous venez en Turquie, nous ferons les recommandations \u00e0 votre m\u00e9decin lors de la consultation. Les d\u00e9tails \u00e9voqu\u00e9s ici sont les touches magiques. Car il est tr\u00e8s important de trouver la proc\u00e9dure optimale pour votre cas, ni plus ni moins.<\/p>\n<p>L&rsquo;objectif est le suivant<\/p>\n<p>-Obtenir les r\u00e9sultats les plus naturels et les plus \u00e9clatants,<br \/>-de payer ce dont vous avez besoin, pas plus.<\/p>\n<p>Nous sommes l\u00e0 pour vous, de la premi\u00e8re \u00e0 la derni\u00e8re \u00e9tape. Votre voyage comprend<br \/>Vos billets d&rsquo;avion,<br \/>Vos transferts a\u00e9roport-h\u00f4tel-h\u00f4pital,<br \/>Votre premi\u00e8re rencontre avec le m\u00e9decin et vos examens de contr\u00f4le,<br \/>Les proc\u00e9dures pr\u00e9op\u00e9ratoires et les soins postop\u00e9ratoires,<br \/>Votre suivi pendant 1 an.<\/p>\n<p>Votre beaut\u00e9 est \u00e0 l&rsquo;int\u00e9rieur, laissez-nous la r\u00e9v\u00e9ler !<\/p>\n<p>\n<\/div><\/div><\/div><\/div><\/div><\/div><\/div><\/div><\/div><\/div><\/div><\/div><!-- cell_inner --><\/div><!-- cell --><\/div><!-- port --><\/section><\/p>\n","protected":false},"excerpt":{"rendered":"","protected":false},"author":2,"featured_media":0,"parent":0,"menu_order":0,"comment_status":"closed","ping_status":"closed","template":"","meta":{"footnotes":""},"class_list":["post-4407","page","type-page","status-publish","hentry"],"yoast_head":"<!-- This site is optimized with the Yoast SEO plugin v26.4 - https:\/\/yoast.com\/wordpress\/plugins\/seo\/ -->\n<title>VOTRE VOYAGE - Cauris Health<\/title>\n<meta name=\"robots\" content=\"index, follow, max-snippet:-1, max-image-preview:large, max-video-preview:-1\" \/>\n<link rel=\"canonical\" href=\"https:\/\/caurishealth.com\/fr\/votre-voyage\/\" \/>\n<meta property=\"og:locale\" content=\"fr_FR\" \/>\n<meta property=\"og:type\" content=\"article\" \/>\n<meta property=\"og:title\" content=\"VOTRE VOYAGE - Cauris Health\" \/>\n<meta property=\"og:url\" content=\"https:\/\/caurishealth.com\/fr\/votre-voyage\/\" \/>\n<meta property=\"og:site_name\" content=\"Cauris Health\" \/>\n<meta property=\"article:modified_time\" content=\"2024-02-01T10:56:43+00:00\" \/>\n<meta name=\"twitter:card\" content=\"summary_large_image\" \/>\n<meta name=\"twitter:label1\" content=\"Dur\u00e9e de lecture estim\u00e9e\" \/>\n\t<meta name=\"twitter:data1\" content=\"5 minutes\" \/>\n<script type=\"application\/ld+json\" class=\"yoast-schema-graph\">{\"@context\":\"https:\/\/schema.org\",\"@graph\":[{\"@type\":\"WebPage\",\"@id\":\"https:\/\/caurishealth.com\/fr\/votre-voyage\/\",\"url\":\"https:\/\/caurishealth.com\/fr\/votre-voyage\/\",\"name\":\"VOTRE VOYAGE - Cauris Health\",\"isPartOf\":{\"@id\":\"https:\/\/caurishealth.com\/#website\"},\"datePublished\":\"2018-09-19T10:37:29+00:00\",\"dateModified\":\"2024-02-01T10:56:43+00:00\",\"breadcrumb\":{\"@id\":\"https:\/\/caurishealth.com\/fr\/votre-voyage\/#breadcrumb\"},\"inLanguage\":\"fr-FR\",\"potentialAction\":[{\"@type\":\"ReadAction\",\"target\":[\"https:\/\/caurishealth.com\/fr\/votre-voyage\/\"]}]},{\"@type\":\"BreadcrumbList\",\"@id\":\"https:\/\/caurishealth.com\/fr\/votre-voyage\/#breadcrumb\",\"itemListElement\":[{\"@type\":\"ListItem\",\"position\":1,\"name\":\"Home\",\"item\":\"https:\/\/caurishealth.com\/fr\/\"},{\"@type\":\"ListItem\",\"position\":2,\"name\":\"VOTRE VOYAGE\"}]},{\"@type\":\"WebSite\",\"@id\":\"https:\/\/caurishealth.com\/#website\",\"url\":\"https:\/\/caurishealth.com\/\",\"name\":\"Cauris Health\",\"description\":\"\",\"potentialAction\":[{\"@type\":\"SearchAction\",\"target\":{\"@type\":\"EntryPoint\",\"urlTemplate\":\"https:\/\/caurishealth.com\/?s={search_term_string}\"},\"query-input\":{\"@type\":\"PropertyValueSpecification\",\"valueRequired\":true,\"valueName\":\"search_term_string\"}}],\"inLanguage\":\"fr-FR\"}]}<\/script>\n<!-- \/ Yoast SEO plugin. -->","yoast_head_json":{"title":"VOTRE VOYAGE - Cauris Health","robots":{"index":"index","follow":"follow","max-snippet":"max-snippet:-1","max-image-preview":"max-image-preview:large","max-video-preview":"max-video-preview:-1"},"canonical":"https:\/\/caurishealth.com\/fr\/votre-voyage\/","og_locale":"fr_FR","og_type":"article","og_title":"VOTRE VOYAGE - Cauris Health","og_url":"https:\/\/caurishealth.com\/fr\/votre-voyage\/","og_site_name":"Cauris Health","article_modified_time":"2024-02-01T10:56:43+00:00","twitter_card":"summary_large_image","twitter_misc":{"Dur\u00e9e de lecture estim\u00e9e":"5 minutes"},"schema":{"@context":"https:\/\/schema.org","@graph":[{"@type":"WebPage","@id":"https:\/\/caurishealth.com\/fr\/votre-voyage\/","url":"https:\/\/caurishealth.com\/fr\/votre-voyage\/","name":"VOTRE VOYAGE - Cauris Health","isPartOf":{"@id":"https:\/\/caurishealth.com\/#website"},"datePublished":"2018-09-19T10:37:29+00:00","dateModified":"2024-02-01T10:56:43+00:00","breadcrumb":{"@id":"https:\/\/caurishealth.com\/fr\/votre-voyage\/#breadcrumb"},"inLanguage":"fr-FR","potentialAction":[{"@type":"ReadAction","target":["https:\/\/caurishealth.com\/fr\/votre-voyage\/"]}]},{"@type":"BreadcrumbList","@id":"https:\/\/caurishealth.com\/fr\/votre-voyage\/#breadcrumb","itemListElement":[{"@type":"ListItem","position":1,"name":"Home","item":"https:\/\/caurishealth.com\/fr\/"},{"@type":"ListItem","position":2,"name":"VOTRE VOYAGE"}]},{"@type":"WebSite","@id":"https:\/\/caurishealth.com\/#website","url":"https:\/\/caurishealth.com\/","name":"Cauris Health","description":"","potentialAction":[{"@type":"SearchAction","target":{"@type":"EntryPoint","urlTemplate":"https:\/\/caurishealth.com\/?s={search_term_string}"},"query-input":{"@type":"PropertyValueSpecification","valueRequired":true,"valueName":"search_term_string"}}],"inLanguage":"fr-FR"}]}},"_links":{"self":[{"href":"https:\/\/caurishealth.com\/fr\/wp-json\/wp\/v2\/pages\/4407","targetHints":{"allow":["GET"]}}],"collection":[{"href":"https:\/\/caurishealth.com\/fr\/wp-json\/wp\/v2\/pages"}],"about":[{"href":"https:\/\/caurishealth.com\/fr\/wp-json\/wp\/v2\/types\/page"}],"author":[{"embeddable":true,"href":"https:\/\/caurishealth.com\/fr\/wp-json\/wp\/v2\/users\/2"}],"replies":[{"embeddable":true,"href":"https:\/\/caurishealth.com\/fr\/wp-json\/wp\/v2\/comments?post=4407"}],"version-history":[{"count":6,"href":"https:\/\/caurishealth.com\/fr\/wp-json\/wp\/v2\/pages\/4407\/revisions"}],"predecessor-version":[{"id":5254,"href":"https:\/\/caurishealth.com\/fr\/wp-json\/wp\/v2\/pages\/4407\/revisions\/5254"}],"wp:attachment":[{"href":"https:\/\/caurishealth.com\/fr\/wp-json\/wp\/v2\/media?parent=4407"}],"curies":[{"name":"wp","href":"https:\/\/api.w.org\/{rel}","templated":true}]}}