{"id":5517,"date":"2024-08-12T15:14:05","date_gmt":"2024-08-12T12:14:05","guid":{"rendered":"https:\/\/caurishealth.com\/politique-dannulation-de-remboursement-et-de-protection-de-la-vie-privee\/"},"modified":"2024-08-12T15:32:27","modified_gmt":"2024-08-12T12:32:27","slug":"politique-dannulation-de-remboursement-et-de-protection-de-la-vie-privee","status":"publish","type":"page","link":"https:\/\/caurishealth.com\/fr\/politique-dannulation-de-remboursement-et-de-protection-de-la-vie-privee\/","title":{"rendered":"Politique d&rsquo;annulation, de remboursement et de protection de la vie priv\u00e9e"},"content":{"rendered":"<section data-bb-version=\"4.6.1\" id=\"bt_bb_section69e181376339f\" class=\"bt_bb_section bt_bb_layout_boxed_1200 bt_bb_vertical_align_top bt_bb_top_spacing_large bt_bb_bottom_spacing_normal\"  data-bt-override-class=\"{&quot;bt_bb_top_spacing_&quot;:{&quot;current_class&quot;:&quot;bt_bb_top_spacing_large&quot;,&quot;def&quot;:&quot;large&quot;,&quot;sm&quot;:&quot;medium&quot;,&quot;xs&quot;:&quot;medium&quot;},&quot;bt_bb_bottom_spacing_&quot;:{&quot;current_class&quot;:&quot;bt_bb_bottom_spacing_normal&quot;,&quot;def&quot;:&quot;normal&quot;}}\"><div class=\"bt_bb_port\"><div class=\"bt_bb_cell\"><div class=\"bt_bb_cell_inner\"><div class=\"bt_bb_row \"  data-bt-override-class=\"{}\"><div class=\"bt_bb_row_holder\" ><div data-bb-version=\"4.6.1\"  class=\"bt_bb_column col-xxl-12 col-xl-12 col-xs-12 col-sm-12 col-md-12 col-lg-12 bt_bb_vertical_align_top bt_bb_align_left bt_bb_padding_normal\" style=\"; --column-width:12;\" data-width=\"12\" data-bt-override-class=\"{&quot;bt_bb_align_&quot;:{&quot;current_class&quot;:&quot;bt_bb_align_left&quot;,&quot;def&quot;:&quot;left&quot;},&quot;bt_bb_padding_&quot;:{&quot;current_class&quot;:&quot;bt_bb_padding_normal&quot;,&quot;def&quot;:&quot;normal&quot;}}\"><div class=\"bt_bb_column_content\"><div class=\"bt_bb_column_content_inner\"><div  class=\"bt_bb_text\" ><\/p>\n<h1><\/h1>\n<h1>Politique d&rsquo;annulation, de remboursement et de protection de la vie priv\u00e9e<\/h1>\n<h3>Conditions d&rsquo;annulation et de remboursement<\/h3>\n<p>La proc\u00e9dure d&rsquo;opposition pour les encaissements effectu\u00e9s au moyen d&rsquo;une carte 3d ou virtuelle du syst\u00e8me d&rsquo;encaissement en ligne est de 10 jours ouvrables. Dans les 7 jours ouvrables suivant la demande de remboursement du titulaire de la carte, notre soci\u00e9t\u00e9 \u00e9valuera la situation et en informera le client. Notre soci\u00e9t\u00e9 travaille \u00e0 l&rsquo;avance et les demandes effectu\u00e9es 10 jours ouvrables apr\u00e8s la date de facturation ne seront pas \u00e9valu\u00e9es.<br \/>\nLes remboursements peuvent \u00eatre demand\u00e9s pour tous les paiements de services. Aucun remboursement ne sera effectu\u00e9 pour les paiements d&rsquo;acomptes.<\/p>\n<h3>S\u00e9curit\u00e9 des informations personnelles<\/h3>\n<p>Toutes les informations personnelles re\u00e7ues des clients de http:\/\/www.caurishealth.com\/ lors de l&rsquo;adh\u00e9sion et des achats sont prot\u00e9g\u00e9es par les syst\u00e8mes de s\u00e9curit\u00e9 \u00e9lectroniques et physiques les plus \u00e9lev\u00e9s disponibles et stock\u00e9es dans un environnement qui ne peut \u00eatre consult\u00e9 que par le personnel autoris\u00e9 et, le cas \u00e9ch\u00e9ant, avec l&rsquo;approbation de l&rsquo;utilisateur. Ces informations ne sont utilis\u00e9es que dans le cadre des lois de la R\u00e9publique de Turquie et des lois internationales.<br \/>\nNotre soci\u00e9t\u00e9 s&rsquo;engage et garantit que les informations personnelles ne seront pas divulgu\u00e9es, publi\u00e9es ou partag\u00e9es avec des tiers de quelque mani\u00e8re que ce soit sans le consentement de l&rsquo;utilisateur.<br \/>\nhttp:\/\/www.caurishealth.com\/ se r\u00e9serve le droit d&rsquo;utiliser les informations g\u00e9n\u00e9rales de l&rsquo;utilisateur autres que les informations personnelles \u00e0 des fins d&rsquo;information, de promotion, d&rsquo;annonce et d&rsquo;offre si l&rsquo;utilisateur y consent.<\/p>\n<h3>S\u00e9curit\u00e9 des informations de paiement<\/h3>\n<p>Le service de s\u00e9curit\u00e9 en ligne \u00e9tabli au sein de http:\/\/www.caurishealth.com\/ prend des mesures pour pr\u00e9venir les utilisations ill\u00e9gales telles que la fraude \u00e0 la carte de cr\u00e9dit en v\u00e9rifiant l&rsquo;identit\u00e9 et l&rsquo;adresse de nos clients qui font des achats pour la premi\u00e8re fois et en contactant les clients par t\u00e9l\u00e9phone si n\u00e9cessaire.<br \/>\nLes informations relatives aux cartes de cr\u00e9dit fournies lors des achats effectu\u00e9s sur http:\/\/www.caurishealth.com\/ sont transf\u00e9r\u00e9es au syst\u00e8me des banques contractantes en utilisant le protocole de cryptage SSL 256bit fourni par \u0130yzico ind\u00e9pendamment du site et le processus d&rsquo;interrogation est effectu\u00e9 par la banque. Le r\u00e9sultat de la demande est transmis instantan\u00e9ment au client et le processus de paiement est termin\u00e9. Les informations saisies sur la carte sont transmises directement \u00e0 la banque ; toutes les transactions ont lieu entre le client et la banque. \u00c9tant donn\u00e9 que ces informations ne peuvent en aucun cas \u00eatre consult\u00e9es ou sauvegard\u00e9es par le site, il n&rsquo;est pas possible qu&rsquo;elles soient obtenues par des tiers.<br \/>\nL&rsquo;image du cadenas dans le coin inf\u00e9rieur droit de la page de paiement indique que la page est crypt\u00e9e et s\u00e9curis\u00e9e par SSL.<\/p>\n<h3>AVERTISSEMENT DE S\u00c9CURIT\u00c9<\/h3>\n<p>Les situations telles que le vol d&rsquo;informations sur les cartes de cr\u00e9dit se produisent principalement dans des environnements physiques. C&rsquo;est pourquoi il n&rsquo;est pas recommand\u00e9 d&rsquo;utiliser les cartes de cr\u00e9dit dans les restaurants, etc. ou de donner le num\u00e9ro de la carte \u00e0 d&rsquo;autres personnes.<br \/>\nEn cas de vol, de perte ou d&rsquo;utilisation non autoris\u00e9e de la carte de cr\u00e9dit, la banque \u00e0 laquelle appartient la carte doit \u00eatre contact\u00e9e sans d\u00e9lai et la situation doit \u00eatre signal\u00e9e.<br \/>\nEn cas de fraude \u00e0 la carte de cr\u00e9dit d\u00e9tect\u00e9e par http:\/\/www.iyzico.com\/, la banque concern\u00e9e et le titulaire de la carte sont inform\u00e9s de la situation.<br \/>\nPour les achats effectu\u00e9s sur Internet, il convient de s&rsquo;assurer que l&rsquo;adresse et les coordonn\u00e9es t\u00e9l\u00e9phoniques du site d&rsquo;achat sont correctes et, si n\u00e9cessaire, de proc\u00e9der \u00e0 une v\u00e9rification en appelant le num\u00e9ro du service client\u00e8le figurant sur le site. http:\/\/www.caurishealth.com\/ Les tribunaux centraux provinciaux et les bureaux d&rsquo;ex\u00e9cution sont habilit\u00e9s \u00e0 r\u00e9soudre tous les litiges pouvant r\u00e9sulter du pr\u00e9sent contrat.<br \/>\n&nbsp;<\/p>\n<p>\n<\/div><\/div><\/div><\/div><\/div><\/div><\/div><!-- cell_inner --><\/div><!-- cell --><\/div><!-- port --><\/section>\n","protected":false},"excerpt":{"rendered":"","protected":false},"author":1,"featured_media":0,"parent":0,"menu_order":0,"comment_status":"closed","ping_status":"closed","template":"","meta":{"footnotes":""},"class_list":["post-5517","page","type-page","status-publish","hentry"],"yoast_head":"<!-- This site is optimized with the Yoast SEO plugin v26.4 - https:\/\/yoast.com\/wordpress\/plugins\/seo\/ -->\n<title>Politique d&#039;annulation, de remboursement et de protection de la vie priv\u00e9e - Cauris Health<\/title>\n<meta name=\"robots\" content=\"index, follow, max-snippet:-1, max-image-preview:large, max-video-preview:-1\" \/>\n<link rel=\"canonical\" href=\"https:\/\/caurishealth.com\/fr\/politique-dannulation-de-remboursement-et-de-protection-de-la-vie-privee\/\" \/>\n<meta property=\"og:locale\" content=\"fr_FR\" \/>\n<meta property=\"og:type\" content=\"article\" \/>\n<meta property=\"og:title\" content=\"Politique d&#039;annulation, de remboursement et de protection de la vie priv\u00e9e - Cauris Health\" \/>\n<meta property=\"og:url\" content=\"https:\/\/caurishealth.com\/fr\/politique-dannulation-de-remboursement-et-de-protection-de-la-vie-privee\/\" \/>\n<meta property=\"og:site_name\" content=\"Cauris Health\" \/>\n<meta property=\"article:modified_time\" content=\"2024-08-12T12:32:27+00:00\" \/>\n<meta name=\"twitter:card\" content=\"summary_large_image\" \/>\n<meta name=\"twitter:label1\" content=\"Dur\u00e9e de lecture estim\u00e9e\" \/>\n\t<meta name=\"twitter:data1\" content=\"4 minutes\" \/>\n<script type=\"application\/ld+json\" class=\"yoast-schema-graph\">{\"@context\":\"https:\/\/schema.org\",\"@graph\":[{\"@type\":\"WebPage\",\"@id\":\"https:\/\/caurishealth.com\/fr\/politique-dannulation-de-remboursement-et-de-protection-de-la-vie-privee\/\",\"url\":\"https:\/\/caurishealth.com\/fr\/politique-dannulation-de-remboursement-et-de-protection-de-la-vie-privee\/\",\"name\":\"Politique d'annulation, de remboursement et de protection de la vie priv\u00e9e - Cauris Health\",\"isPartOf\":{\"@id\":\"https:\/\/caurishealth.com\/#website\"},\"datePublished\":\"2024-08-12T12:14:05+00:00\",\"dateModified\":\"2024-08-12T12:32:27+00:00\",\"breadcrumb\":{\"@id\":\"https:\/\/caurishealth.com\/fr\/politique-dannulation-de-remboursement-et-de-protection-de-la-vie-privee\/#breadcrumb\"},\"inLanguage\":\"fr-FR\",\"potentialAction\":[{\"@type\":\"ReadAction\",\"target\":[\"https:\/\/caurishealth.com\/fr\/politique-dannulation-de-remboursement-et-de-protection-de-la-vie-privee\/\"]}]},{\"@type\":\"BreadcrumbList\",\"@id\":\"https:\/\/caurishealth.com\/fr\/politique-dannulation-de-remboursement-et-de-protection-de-la-vie-privee\/#breadcrumb\",\"itemListElement\":[{\"@type\":\"ListItem\",\"position\":1,\"name\":\"Home\",\"item\":\"https:\/\/caurishealth.com\/fr\/\"},{\"@type\":\"ListItem\",\"position\":2,\"name\":\"Politique d&rsquo;annulation, de remboursement et de protection de la vie priv\u00e9e\"}]},{\"@type\":\"WebSite\",\"@id\":\"https:\/\/caurishealth.com\/#website\",\"url\":\"https:\/\/caurishealth.com\/\",\"name\":\"Cauris Health\",\"description\":\"\",\"potentialAction\":[{\"@type\":\"SearchAction\",\"target\":{\"@type\":\"EntryPoint\",\"urlTemplate\":\"https:\/\/caurishealth.com\/?s={search_term_string}\"},\"query-input\":{\"@type\":\"PropertyValueSpecification\",\"valueRequired\":true,\"valueName\":\"search_term_string\"}}],\"inLanguage\":\"fr-FR\"}]}<\/script>\n<!-- \/ Yoast SEO plugin. -->","yoast_head_json":{"title":"Politique d'annulation, de remboursement et de protection de la vie priv\u00e9e - Cauris Health","robots":{"index":"index","follow":"follow","max-snippet":"max-snippet:-1","max-image-preview":"max-image-preview:large","max-video-preview":"max-video-preview:-1"},"canonical":"https:\/\/caurishealth.com\/fr\/politique-dannulation-de-remboursement-et-de-protection-de-la-vie-privee\/","og_locale":"fr_FR","og_type":"article","og_title":"Politique d'annulation, de remboursement et de protection de la vie priv\u00e9e - Cauris Health","og_url":"https:\/\/caurishealth.com\/fr\/politique-dannulation-de-remboursement-et-de-protection-de-la-vie-privee\/","og_site_name":"Cauris Health","article_modified_time":"2024-08-12T12:32:27+00:00","twitter_card":"summary_large_image","twitter_misc":{"Dur\u00e9e de lecture estim\u00e9e":"4 minutes"},"schema":{"@context":"https:\/\/schema.org","@graph":[{"@type":"WebPage","@id":"https:\/\/caurishealth.com\/fr\/politique-dannulation-de-remboursement-et-de-protection-de-la-vie-privee\/","url":"https:\/\/caurishealth.com\/fr\/politique-dannulation-de-remboursement-et-de-protection-de-la-vie-privee\/","name":"Politique d'annulation, de remboursement et de protection de la vie priv\u00e9e - Cauris Health","isPartOf":{"@id":"https:\/\/caurishealth.com\/#website"},"datePublished":"2024-08-12T12:14:05+00:00","dateModified":"2024-08-12T12:32:27+00:00","breadcrumb":{"@id":"https:\/\/caurishealth.com\/fr\/politique-dannulation-de-remboursement-et-de-protection-de-la-vie-privee\/#breadcrumb"},"inLanguage":"fr-FR","potentialAction":[{"@type":"ReadAction","target":["https:\/\/caurishealth.com\/fr\/politique-dannulation-de-remboursement-et-de-protection-de-la-vie-privee\/"]}]},{"@type":"BreadcrumbList","@id":"https:\/\/caurishealth.com\/fr\/politique-dannulation-de-remboursement-et-de-protection-de-la-vie-privee\/#breadcrumb","itemListElement":[{"@type":"ListItem","position":1,"name":"Home","item":"https:\/\/caurishealth.com\/fr\/"},{"@type":"ListItem","position":2,"name":"Politique d&rsquo;annulation, de remboursement et de protection de la vie priv\u00e9e"}]},{"@type":"WebSite","@id":"https:\/\/caurishealth.com\/#website","url":"https:\/\/caurishealth.com\/","name":"Cauris Health","description":"","potentialAction":[{"@type":"SearchAction","target":{"@type":"EntryPoint","urlTemplate":"https:\/\/caurishealth.com\/?s={search_term_string}"},"query-input":{"@type":"PropertyValueSpecification","valueRequired":true,"valueName":"search_term_string"}}],"inLanguage":"fr-FR"}]}},"_links":{"self":[{"href":"https:\/\/caurishealth.com\/fr\/wp-json\/wp\/v2\/pages\/5517","targetHints":{"allow":["GET"]}}],"collection":[{"href":"https:\/\/caurishealth.com\/fr\/wp-json\/wp\/v2\/pages"}],"about":[{"href":"https:\/\/caurishealth.com\/fr\/wp-json\/wp\/v2\/types\/page"}],"author":[{"embeddable":true,"href":"https:\/\/caurishealth.com\/fr\/wp-json\/wp\/v2\/users\/1"}],"replies":[{"embeddable":true,"href":"https:\/\/caurishealth.com\/fr\/wp-json\/wp\/v2\/comments?post=5517"}],"version-history":[{"count":2,"href":"https:\/\/caurishealth.com\/fr\/wp-json\/wp\/v2\/pages\/5517\/revisions"}],"predecessor-version":[{"id":5519,"href":"https:\/\/caurishealth.com\/fr\/wp-json\/wp\/v2\/pages\/5517\/revisions\/5519"}],"wp:attachment":[{"href":"https:\/\/caurishealth.com\/fr\/wp-json\/wp\/v2\/media?parent=5517"}],"curies":[{"name":"wp","href":"https:\/\/api.w.org\/{rel}","templated":true}]}}