{"id":5464,"date":"2024-06-26T13:45:14","date_gmt":"2024-06-26T10:45:14","guid":{"rendered":"https:\/\/caurishealth.com\/personal-data-protection-clarification-text\/"},"modified":"2024-06-26T14:07:39","modified_gmt":"2024-06-26T11:07:39","slug":"personal-data-protection-clarification-text","status":"publish","type":"page","link":"https:\/\/caurishealth.com\/ru\/personal-data-protection-clarification-text\/","title":{"rendered":"Personal Data Protection Clarification Text"},"content":{"rendered":"<section data-bb-version=\"4.6.1\" id=\"bt_bb_section69e17422ac558\" class=\"bt_bb_section bt_bb_layout_boxed_1200 bt_bb_vertical_align_top bt_bb_top_spacing_large bt_bb_bottom_spacing_normal\"  data-bt-override-class=\"{&quot;bt_bb_top_spacing_&quot;:{&quot;current_class&quot;:&quot;bt_bb_top_spacing_large&quot;,&quot;def&quot;:&quot;large&quot;,&quot;sm&quot;:&quot;medium&quot;,&quot;xs&quot;:&quot;medium&quot;},&quot;bt_bb_bottom_spacing_&quot;:{&quot;current_class&quot;:&quot;bt_bb_bottom_spacing_normal&quot;,&quot;def&quot;:&quot;normal&quot;}}\"><div class=\"bt_bb_port\"><div class=\"bt_bb_cell\"><div class=\"bt_bb_cell_inner\"><div class=\"bt_bb_row \"  data-bt-override-class=\"{}\"><div class=\"bt_bb_row_holder\" ><div data-bb-version=\"4.6.1\"  class=\"bt_bb_column col-xxl-12 col-xl-12 col-xs-12 col-sm-12 col-md-12 col-lg-12 bt_bb_vertical_align_top bt_bb_align_left bt_bb_padding_normal\" style=\"; --column-width:12;\" data-width=\"12\" data-bt-override-class=\"{&quot;bt_bb_align_&quot;:{&quot;current_class&quot;:&quot;bt_bb_align_left&quot;,&quot;def&quot;:&quot;left&quot;},&quot;bt_bb_padding_&quot;:{&quot;current_class&quot;:&quot;bt_bb_padding_normal&quot;,&quot;def&quot;:&quot;normal&quot;}}\"><div class=\"bt_bb_column_content\"><div class=\"bt_bb_column_content_inner\"><div  class=\"bt_bb_text\" ><\/p>\n<h1>\u00a0<\/h1>\n<h1><strong>Personal Data Protection Clarification Text<\/strong><\/h1>\n<p><strong><br \/>1.INTRODUCTION<\/strong><br \/>This clarification text has been prepared for the purpose of enlightening and obtaining the consent of the relevant persons regarding the processing of personal data collected by the legal entity Patagonya Sa\u011fl\u0131k Turizm Hizmetleri Ltd. \u015eti. and its related units in accordance with Article 10 of the Law Nr. 6698 on the Protection of Personal Data (\u201cLaw\u201d) and the relevant legislation.<br \/>The DATA RESPONSIBLE shows maximum sensitivity and endeavour to the processing, protection and security of personal data.<br \/>Personal data may be collected by the DATA RESPONSIBLE by all kinds of audio, written, visual or electronic methods.<br \/>In this context and in accordance with the Law, the personal data of the persons concerned may be processed by the DATA RESPONSIBLE in the capacity of Data Controller for the works and transactions to be carried out in accordance with the general principles listed in the Law.<\/p>\n<p><strong>2. PURPOSE OF PROCESSING PERSONAL DATA<\/strong><br \/>Personal data are processed within the framework of the personal data processing conditions specified in Articles 5 and 6 of the Law and the purposes specified in the Law and for the purposes specified below, including but not limited to. Accordingly, the purpose of processing personal data;<br \/>\u2013 Providing health tourism services,<br \/>\u2013 To make appointments and travel arrangements,<br \/>\u2013 Liaising with your doctors and other health care providers to provide the health care services you need,<br \/>\u2013 To realise invoice and collection transactions,<br \/>\u2013 Use for customer satisfaction surveys and marketing activities,<br \/>\u2013 Fulfil our legal and administrative obligations.<br \/>\u2013 Managing external relations<br \/>\u2013 Carrying out studies on cultural, artistic activities, health tourism, health services, etc.<br \/>\u2013 Carrying out transactions related to hospitals, health institutions, hotels, companies related to transport services and museums<br \/>\u2013 Increasing the quality of service and management and carrying out studies in this context<\/p>\n<p><strong>3. PROCESSED PERSONAL DATA <\/strong><br \/>Within the scope of the above-mentioned purposes, in the capacity of data controller within the scope of the Personal Data Protection Law No. 6698 (\u201cKVKK\u201d) and related legislation, your personal data that may be processed to be stored within the limits and periods stipulated by the law are listed below.<br \/>\u2013 Your name and surname,<br \/>\u2013 Your Turkish ID number,<br \/>\u2013 Your passport number,<br \/>\u2013 Your telephone number,<br \/>\u2013 Your e-mail address,<br \/>\u2013 Your health insurance details,<br \/>\u2013 Your travel information,<br \/>\u2013 Your visa information,<br \/>\u2013 Your medical history,<br \/>\u2013 Your treatment plan,<br \/>\u2013 Information about your doctor and other health care providers,<br \/>\u2013 Your bank account details,<br \/>\u2013 Your photograph.<\/p>\n<p><strong>4. SHARING AND TRANSFER OF PERSONAL DATA<\/strong><br \/>Collected personal data, within the framework of the conditions specified in Articles 8 and 9 of the Law; Health service providers (hospitals, clinics, doctors, laboratories, etc.), insurance companies, travel agencies, visa consultancy firms, auditing institutions, public institutions and organisations required to fulfil our legal and administrative obligations, service providers, data processors and legally authorised institutions and organisations of the DATA RESPONSIBLE, within the framework of the relevant legislation, in line with the conditions and purposes of personal data processing.<\/p>\n<p>DATA RESPONSIBLE endeavours to take the necessary legal, technical and administrative measures at the highest level in accordance with the principles set out in the law in order to prevent unlawful processing of personal data and unlawful access to data and to keep personal data securely.<\/p>\n<p><strong>4. PERSONAL DATA COLLECTION METHOD AND LEGAL REASON<\/strong><br \/>The DATA RESPONSIBLE collects personal data in all kinds of audio, written, visual and electronic media and within the framework of the purposes specified in this clarification text, based on many legal reasons such as the provision of the services provided by the DATA RESPONSIBLE in accordance with the laws and the relevant legislation and the full fulfilment of the obligations of the DATA RESPONSIBLE arising from the contract and the law, the execution of business activities, and processes them in accordance with the conditions specified in the Law. Legal reasons are as follows;<br \/>\u2013 Existence of the explicit consent of the person concerned,<br \/>\u2013 Explicitly stipulated in the laws,<br \/>\u2013 It is necessary for the protection of the life or physical integrity of the person who is unable to disclose his\/her consent due to actual impossibility or whose consent is not legally valid,<br \/>\u2013 It is necessary to process personal data belonging to the parties to the contract, provided that it is directly related to the establishment or performance of a contract,<br \/>\u2013 It is mandatory for the data controller to fulfil its legal obligation,<br \/>\u2013 It has been publicised by the person concerned,<br \/>\u2013 Data processing is mandatory for the establishment, exercise or protection of a right,<br \/>\u2013 Data processing is mandatory for the legitimate interests of the data controller, provided that it does not harm the fundamental rights and freedoms of the data subject<\/p>\n<p><strong>5. RIGHTS OF PERSONAL DATA SUBJECTS AND PROTECTION OF RIGHTS<\/strong><br \/>Pursuant to Article 11 of the Law;<br \/>\u2013 To learn whether personal data is processed or not,<br \/>\u2013 Request information if personal data has been processed,<br \/>\u2013 To learn the purpose of processing personal data and whether they are used in accordance with their purpose,<br \/>\u2013 To know the third parties to whom personal data are transferred domestically or abroad,<br \/>\u2013 To request correction of personal data in case of incomplete or incorrect processing,<br \/>\u2013 To request the deletion or destruction of personal data within the framework of the conditions stipulated in Article 7 of the Law,<br \/>\u2013 To request notification of the transactions made pursuant to Articles 5 and 6 to third parties to whom personal data are transferred,<br \/>\u2013 To object to the emergence of a result to the detriment of the person himself\/herself by analysing the processed data exclusively through automated systems,<br \/>\u2013 In case of damage due to unlawful processing of personal data, to demand compensation for the damage,<br \/>rights.<br \/>In the event that personal data owners apply to the DATA RESPONSIBLE in writing or by other methods to be determined by the Personal Data Protection Board for the exercise of such rights, the applications shall be finalised as soon as possible depending on the nature of the request, but in any case within 30 days at the latest. The address and contact details for application to the DATA RESPONSIBLE are given below.<\/p>\n<p><strong>6. STORAGE PERIOD OF PERSONAL DATA:<\/strong><br \/>Your personal data will be stored for the period required for the purpose of providing health tourism services and for the periods stipulated in the legal legislation.<\/p>\n<p><strong>7.CONTACT<\/strong><br \/>In order to use your rights arising from the Law, you can send your identity information, the right you want to use and your detailed explanation explaining the subject of your request to the data controller by the following methods:<br \/>\u2013 Written Application : Patagonya Sa\u011fl\u0131k Turizm Hizmetleri Ltd \u015eti. [Company Address]<br \/>\u2013 Electronic Application: info@caurishealth.com<\/p>\n<p><strong>8. EXPRESS CONSENT<\/strong><br \/>I have read, understood and approved the text above. I understand the importance of the accuracy of the information I have provided in terms of my own health and the service I will receive, and I know that I am responsible if the information is incorrect. I give my explicit consent to the processing and transfer of my personal data for the purposes stated above.<\/p>\n<p>\n<\/div><\/div><\/div><\/div><\/div><\/div><\/div><!-- cell_inner --><\/div><!-- cell --><\/div><!-- port --><\/section>\n","protected":false},"excerpt":{"rendered":"","protected":false},"author":1,"featured_media":0,"parent":0,"menu_order":0,"comment_status":"closed","ping_status":"closed","template":"","meta":{"footnotes":""},"class_list":["post-5464","page","type-page","status-publish","hentry"],"yoast_head":"<!-- This site is optimized with the Yoast SEO plugin v26.4 - https:\/\/yoast.com\/wordpress\/plugins\/seo\/ -->\n<title>Personal Data Protection Clarification Text - Cauris Health<\/title>\n<meta name=\"robots\" content=\"index, follow, max-snippet:-1, max-image-preview:large, max-video-preview:-1\" \/>\n<link rel=\"canonical\" href=\"https:\/\/caurishealth.com\/ru\/personal-data-protection-clarification-text\/\" \/>\n<meta property=\"og:locale\" content=\"ru_RU\" \/>\n<meta property=\"og:type\" content=\"article\" \/>\n<meta property=\"og:title\" content=\"Personal Data Protection Clarification Text - Cauris Health\" \/>\n<meta property=\"og:url\" content=\"https:\/\/caurishealth.com\/ru\/personal-data-protection-clarification-text\/\" \/>\n<meta property=\"og:site_name\" content=\"Cauris Health\" \/>\n<meta property=\"article:modified_time\" content=\"2024-06-26T11:07:39+00:00\" \/>\n<meta name=\"twitter:card\" content=\"summary_large_image\" \/>\n<meta name=\"twitter:label1\" content=\"\u041f\u0440\u0438\u043c\u0435\u0440\u043d\u043e\u0435 \u0432\u0440\u0435\u043c\u044f \u0434\u043b\u044f \u0447\u0442\u0435\u043d\u0438\u044f\" \/>\n\t<meta name=\"twitter:data1\" content=\"7 \u043c\u0438\u043d\u0443\u0442\" \/>\n<script type=\"application\/ld+json\" class=\"yoast-schema-graph\">{\"@context\":\"https:\/\/schema.org\",\"@graph\":[{\"@type\":\"WebPage\",\"@id\":\"https:\/\/caurishealth.com\/ru\/personal-data-protection-clarification-text\/\",\"url\":\"https:\/\/caurishealth.com\/ru\/personal-data-protection-clarification-text\/\",\"name\":\"Personal Data Protection Clarification Text - Cauris Health\",\"isPartOf\":{\"@id\":\"https:\/\/caurishealth.com\/#website\"},\"datePublished\":\"2024-06-26T10:45:14+00:00\",\"dateModified\":\"2024-06-26T11:07:39+00:00\",\"breadcrumb\":{\"@id\":\"https:\/\/caurishealth.com\/ru\/personal-data-protection-clarification-text\/#breadcrumb\"},\"inLanguage\":\"ru-RU\",\"potentialAction\":[{\"@type\":\"ReadAction\",\"target\":[\"https:\/\/caurishealth.com\/ru\/personal-data-protection-clarification-text\/\"]}]},{\"@type\":\"BreadcrumbList\",\"@id\":\"https:\/\/caurishealth.com\/ru\/personal-data-protection-clarification-text\/#breadcrumb\",\"itemListElement\":[{\"@type\":\"ListItem\",\"position\":1,\"name\":\"Home\",\"item\":\"https:\/\/caurishealth.com\/ru\/\"},{\"@type\":\"ListItem\",\"position\":2,\"name\":\"Personal Data Protection Clarification Text\"}]},{\"@type\":\"WebSite\",\"@id\":\"https:\/\/caurishealth.com\/#website\",\"url\":\"https:\/\/caurishealth.com\/\",\"name\":\"Cauris Health\",\"description\":\"\",\"potentialAction\":[{\"@type\":\"SearchAction\",\"target\":{\"@type\":\"EntryPoint\",\"urlTemplate\":\"https:\/\/caurishealth.com\/?s={search_term_string}\"},\"query-input\":{\"@type\":\"PropertyValueSpecification\",\"valueRequired\":true,\"valueName\":\"search_term_string\"}}],\"inLanguage\":\"ru-RU\"}]}<\/script>\n<!-- \/ Yoast SEO plugin. -->","yoast_head_json":{"title":"Personal Data Protection Clarification Text - Cauris Health","robots":{"index":"index","follow":"follow","max-snippet":"max-snippet:-1","max-image-preview":"max-image-preview:large","max-video-preview":"max-video-preview:-1"},"canonical":"https:\/\/caurishealth.com\/ru\/personal-data-protection-clarification-text\/","og_locale":"ru_RU","og_type":"article","og_title":"Personal Data Protection Clarification Text - Cauris Health","og_url":"https:\/\/caurishealth.com\/ru\/personal-data-protection-clarification-text\/","og_site_name":"Cauris Health","article_modified_time":"2024-06-26T11:07:39+00:00","twitter_card":"summary_large_image","twitter_misc":{"\u041f\u0440\u0438\u043c\u0435\u0440\u043d\u043e\u0435 \u0432\u0440\u0435\u043c\u044f \u0434\u043b\u044f \u0447\u0442\u0435\u043d\u0438\u044f":"7 \u043c\u0438\u043d\u0443\u0442"},"schema":{"@context":"https:\/\/schema.org","@graph":[{"@type":"WebPage","@id":"https:\/\/caurishealth.com\/ru\/personal-data-protection-clarification-text\/","url":"https:\/\/caurishealth.com\/ru\/personal-data-protection-clarification-text\/","name":"Personal Data Protection Clarification Text - Cauris Health","isPartOf":{"@id":"https:\/\/caurishealth.com\/#website"},"datePublished":"2024-06-26T10:45:14+00:00","dateModified":"2024-06-26T11:07:39+00:00","breadcrumb":{"@id":"https:\/\/caurishealth.com\/ru\/personal-data-protection-clarification-text\/#breadcrumb"},"inLanguage":"ru-RU","potentialAction":[{"@type":"ReadAction","target":["https:\/\/caurishealth.com\/ru\/personal-data-protection-clarification-text\/"]}]},{"@type":"BreadcrumbList","@id":"https:\/\/caurishealth.com\/ru\/personal-data-protection-clarification-text\/#breadcrumb","itemListElement":[{"@type":"ListItem","position":1,"name":"Home","item":"https:\/\/caurishealth.com\/ru\/"},{"@type":"ListItem","position":2,"name":"Personal Data Protection Clarification Text"}]},{"@type":"WebSite","@id":"https:\/\/caurishealth.com\/#website","url":"https:\/\/caurishealth.com\/","name":"Cauris Health","description":"","potentialAction":[{"@type":"SearchAction","target":{"@type":"EntryPoint","urlTemplate":"https:\/\/caurishealth.com\/?s={search_term_string}"},"query-input":{"@type":"PropertyValueSpecification","valueRequired":true,"valueName":"search_term_string"}}],"inLanguage":"ru-RU"}]}},"_links":{"self":[{"href":"https:\/\/caurishealth.com\/ru\/wp-json\/wp\/v2\/pages\/5464","targetHints":{"allow":["GET"]}}],"collection":[{"href":"https:\/\/caurishealth.com\/ru\/wp-json\/wp\/v2\/pages"}],"about":[{"href":"https:\/\/caurishealth.com\/ru\/wp-json\/wp\/v2\/types\/page"}],"author":[{"embeddable":true,"href":"https:\/\/caurishealth.com\/ru\/wp-json\/wp\/v2\/users\/1"}],"replies":[{"embeddable":true,"href":"https:\/\/caurishealth.com\/ru\/wp-json\/wp\/v2\/comments?post=5464"}],"version-history":[{"count":1,"href":"https:\/\/caurishealth.com\/ru\/wp-json\/wp\/v2\/pages\/5464\/revisions"}],"predecessor-version":[{"id":5465,"href":"https:\/\/caurishealth.com\/ru\/wp-json\/wp\/v2\/pages\/5464\/revisions\/5465"}],"wp:attachment":[{"href":"https:\/\/caurishealth.com\/ru\/wp-json\/wp\/v2\/media?parent=5464"}],"curies":[{"name":"wp","href":"https:\/\/api.w.org\/{rel}","templated":true}]}}