{"id":4915,"date":"2018-09-19T13:37:29","date_gmt":"2018-09-19T10:37:29","guid":{"rendered":"https:\/\/caurishealth.com\/tedavi-sureciniz\/"},"modified":"2024-02-01T13:46:50","modified_gmt":"2024-02-01T10:46:50","slug":"tedavi-sureciniz","status":"publish","type":"page","link":"https:\/\/caurishealth.com\/tr\/tedavi-sureciniz\/","title":{"rendered":"Tedavi S\u00fcreciniz"},"content":{"rendered":"<p><section data-bb-version=\"4.6.1\" id=\"bt_bb_section69e17097d6023\" class=\"bt_bb_section bt_bb_color_scheme_10 bt_bb_layout_boxed_1200 bt_bb_vertical_align_top bt_bb_top_spacing_large bt_bb_bottom_spacing_normal\" style=\"; --section-primary-color:#ffffff; --section-secondary-color:var(--alternate-color);\" data-bt-override-class=\"{&quot;bt_bb_top_spacing_&quot;:{&quot;current_class&quot;:&quot;bt_bb_top_spacing_large&quot;,&quot;def&quot;:&quot;large&quot;},&quot;bt_bb_bottom_spacing_&quot;:{&quot;current_class&quot;:&quot;bt_bb_bottom_spacing_normal&quot;,&quot;def&quot;:&quot;normal&quot;}}\"><div class=\"bt_bb_port\"><div class=\"bt_bb_cell\"><div class=\"bt_bb_cell_inner\"><div class=\"bt_bb_row \"  data-bt-override-class=\"{}\"><div class=\"bt_bb_row_holder\" ><div  class=\"bt_bb_column col-xxl-12 col-xl-12 col-xs-12 col-sm-12 col-md-12 col-lg-12 bt_bb_vertical_align_bottom bt_bb_align_left bt_bb_padding_normal bt_bb_animation_fade_in animate\" style=\"; --column-width:12;\" data-width=\"12\" data-bt-override-class=\"{}\"><div class=\"bt_bb_column_content\"><div class=\"bt_bb_column_content_inner\"><div data-bb-version=\"4.6.1\" class=\"bt_bb_separator bt_bb_border_style_none bt_bb_top_spacing_none bt_bb_bottom_spacing_medium\" data-bt-override-class=\"{&quot;bt_bb_top_spacing_&quot;:{&quot;current_class&quot;:&quot;bt_bb_top_spacing_none&quot;,&quot;def&quot;:&quot;none&quot;},&quot;bt_bb_bottom_spacing_&quot;:{&quot;current_class&quot;:&quot;bt_bb_bottom_spacing_medium&quot;,&quot;def&quot;:&quot;medium&quot;,&quot;sm&quot;:&quot;none&quot;,&quot;xs&quot;:&quot;none&quot;}}\"><\/div><header data-bb-version=\"4.6.1\" class=\"bt_bb_headline bt_bb_subheadline_text_transform_default bt_bb_dash_none bt_bb_size_extralarge bt_bb_align_center\" data-bt-override-class=\"{&quot;bt_bb_size_&quot;:{&quot;current_class&quot;:&quot;bt_bb_size_extralarge&quot;,&quot;def&quot;:&quot;extralarge&quot;},&quot;bt_bb_align_&quot;:{&quot;current_class&quot;:&quot;bt_bb_align_center&quot;,&quot;def&quot;:&quot;center&quot;}}\"><h1 class=\"bt_bb_headline_tag\"><span class=\"bt_bb_headline_content\"><span>Tedavi <b>S\u00fcreciniz<\/b><\/span><\/span><\/h1><\/header><\/div><\/div><\/div><\/div><\/div><\/div><!-- cell_inner --><\/div><!-- cell --><\/div><!-- port --><\/section><section data-bb-version=\"4.6.1\" id=\"bt_bb_section69e17097d64e2\" class=\"bt_bb_section bt_bb_color_scheme_10 bt_bb_layout_wide bt_bb_vertical_align_top bt_bb_top_spacing_normal bt_bb_bottom_spacing_normal\" style=\"; --section-primary-color:#ffffff; --section-secondary-color:var(--alternate-color);\" data-bt-override-class=\"{&quot;bt_bb_top_spacing_&quot;:{&quot;current_class&quot;:&quot;bt_bb_top_spacing_normal&quot;,&quot;def&quot;:&quot;normal&quot;},&quot;bt_bb_bottom_spacing_&quot;:{&quot;current_class&quot;:&quot;bt_bb_bottom_spacing_normal&quot;,&quot;def&quot;:&quot;normal&quot;}}\"><div class=\"bt_bb_port\"><div class=\"bt_bb_cell\"><div class=\"bt_bb_cell_inner\"><div data-bb-version=\"4.6.1\" class=\"bt_bb_row bt_bb_row_push_left bt_bb_content_wide bt_bb_row_width_boxed_1200 bt_bb_row_width_boxed \"  data-bt-override-class=\"{}\"><div class=\"bt_bb_row_holder\" ><div data-bb-version=\"4.6.1\"  class=\"bt_bb_column col-xxl-4 col-xl-4 col-xs-12 col-sm-12 col-md-12 col-lg-4 bt_bb_vertical_align_middle bt_bb_align_left bt_bb_padding_normal bt_bb_animation_fade_in animate\" style=\"; --column-width:4;\" data-width=\"4\" data-bt-override-class=\"{&quot;bt_bb_align_&quot;:{&quot;current_class&quot;:&quot;bt_bb_align_left&quot;,&quot;def&quot;:&quot;left&quot;},&quot;bt_bb_padding_&quot;:{&quot;current_class&quot;:&quot;bt_bb_padding_normal&quot;,&quot;def&quot;:&quot;normal&quot;}}\"><div class=\"bt_bb_column_content\"><div class=\"bt_bb_column_content_inner\"><div data-bb-version=\"4.6.1\" class=\"bt_bb_image bt_bb_shape_square bt_bb_target_self bt_bb_align_inherit bt_bb_hover_style_simple bt_bb_content_display_always bt_bb_content_align_middle\" data-bt-override-class=\"{&quot;bt_bb_align_&quot;:{&quot;current_class&quot;:&quot;bt_bb_align_inherit&quot;,&quot;def&quot;:&quot;inherit&quot;}}\"><span><img loading=\"lazy\" decoding=\"async\" width=\"1023\" height=\"1055\" src=\"https:\/\/caurishealth.com\/wp-content\/uploads\/2024\/01\/Your-Journey-2-1.jpg\" class=\"attachment-full size-full\" alt=\"https:\/\/caurishealth.com\/wp-content\/uploads\/2024\/01\/Your-Journey-2-1.jpg\" data-full_image_src=\"https:\/\/caurishealth.com\/wp-content\/uploads\/2024\/01\/Your-Journey-2-1.jpg\" title=\"Your Journey 2\" srcset=\"https:\/\/caurishealth.com\/wp-content\/uploads\/2024\/01\/Your-Journey-2-1.jpg 1023w, https:\/\/caurishealth.com\/wp-content\/uploads\/2024\/01\/Your-Journey-2-1-640x660.jpg 640w, https:\/\/caurishealth.com\/wp-content\/uploads\/2024\/01\/Your-Journey-2-1-768x792.jpg 768w, https:\/\/caurishealth.com\/wp-content\/uploads\/2024\/01\/Your-Journey-2-1-320x330.jpg 320w\" sizes=\"auto, (max-width: 1023px) 100vw, 1023px\" \/><\/span><\/div><div data-bb-version=\"4.6.1\" class=\"bt_bb_separator bt_bb_border_style_none bt_bb_top_spacing_none bt_bb_bottom_spacing_none\" data-bt-override-class=\"{&quot;bt_bb_top_spacing_&quot;:{&quot;current_class&quot;:&quot;bt_bb_top_spacing_none&quot;,&quot;def&quot;:&quot;none&quot;},&quot;bt_bb_bottom_spacing_&quot;:{&quot;current_class&quot;:&quot;bt_bb_bottom_spacing_none&quot;,&quot;def&quot;:&quot;none&quot;,&quot;sm&quot;:&quot;medium&quot;,&quot;xs&quot;:&quot;medium&quot;}}\"><\/div><\/div><\/div><\/div><div data-bb-version=\"4.6.1\"  class=\"bt_bb_column col-xxl-8 col-xl-8 col-xs-12 col-sm-12 col-md-12 col-lg-8 bt_bb_vertical_align_top bt_bb_align_left bt_bb_padding_normal\" style=\"; --column-width:8;\" data-width=\"8\" data-bt-override-class=\"{}\"><div class=\"bt_bb_column_content\"><div class=\"bt_bb_column_content_inner\"><div data-bb-version=\"4.6.1\" class=\" bt_bb_row_inner\"   data-bt-override-class=\"{}\"><div class=\"bt_bb_row_inner_holder\"  ><div data-bb-version=\"4.6.1\"  class=\"bt_bb_column_inner col-xxl-6 col-xl-6 col-xs-12 col-sm-6 col-md-6 col-lg-6 bt_bb_vertical_align_top bt_bb_align_left bt_bb_padding_normal\"  data-width=\"6\" data-bt-override-class=\"{}\"><div class=\"bt_bb_column_inner_content\"><div class=\"bt_bb_column_inner_content_inner\"><div data-bb-version=\"4.6.1\"  class=\"bt_bb_text\" ><\/p>\n<p>Cauris ekibi, T\u00fcrkiye\u2019deki tedavileriniz esnas\u0131nda size refakat etmek i\u00e7in haz\u0131r!<\/p>\n<p>Yolculu\u011funuzda size nas\u0131l yard\u0131mc\u0131 oluyoruz?<br \/>\u00d6ncelikle ihtiya\u00e7lar\u0131n\u0131z\u0131, beklentilerinizi ve arzu etti\u011finiz sonu\u00e7lar\u0131 anl\u0131yoruz.<\/p>\n<p>Uzmanl\u0131\u011f\u0131m\u0131z, board sertifikal\u0131 doktorlardan size \u00f6zel tedaviye en uygun olan\u0131 se\u00e7mek ve tedavi planlamas\u0131n\u0131 A\u2019dan Z\u2019ye yapmakt\u0131r. Tedavi talep ve gereksinimlerinizde detayl\u0131 analizlerle i\u015fbirli\u011fi yapt\u0131\u011f\u0131m\u0131z anla\u015fmal\u0131 sa\u011fl\u0131k kurulu\u015flar\u0131na ba\u015fvuru yap\u0131yor, size \u00f6zel tedavilerle ilgili fikir birli\u011fine var\u0131yoruz . Dan\u0131\u015fma s\u00fcrecinden sonra detaylara birlikte karar veriyoruz.<\/p>\n<p>\u00d6rne\u011fin, y\u00fcz germe ameliyat\u0131 olmak istiyorsunuz. Do\u011fal ve gen\u00e7 g\u00f6r\u00fcn\u00fcm\u00fcn\u00fcze en yak\u0131n halinizin hayalini kuruyorsunuz. Peki istedi\u011finiz sonuca ula\u015fmak i\u00e7in hangi ameliyatlar y\u00fcz gen\u00e7le\u015ftirmenizin bir par\u00e7as\u0131 olmal\u0131? \u015eakak germe mi, orta y\u00fcz germe mi yoksa boyun germe mi? Ya da kulak \u00f6n\u00fcnde yara izi olmadan derin planda bir y\u00fcz germe sizin durumunuzda do\u011fal bir sonu\u00e7 verir mi? Yoksa y\u00fcz\u00fcn\u00fczdeki sark\u0131kl\u0131k seviyesi nedeniyle sizi tatmin etmez mi?<\/p>\n<p>Online kons\u00fcltasyon s\u0131ras\u0131nda videolar\u0131n\u0131z\u0131 ve foto\u011fraflar\u0131n\u0131z\u0131 belirli a\u00e7\u0131lardan analiz ederek ihtiya\u00e7lar\u0131n\u0131z\u0131 anlayaca\u011f\u0131z.<\/p>\n<p>\n<\/div><\/div><\/div><\/div><div data-bb-version=\"4.6.1\"  class=\"bt_bb_column_inner col-xxl-6 col-xl-6 col-xs-12 col-sm-6 col-md-6 col-lg-6 bt_bb_vertical_align_top bt_bb_align_left bt_bb_padding_normal\"  data-width=\"6\" data-bt-override-class=\"{}\"><div class=\"bt_bb_column_inner_content\"><div class=\"bt_bb_column_inner_content_inner\"><div data-bb-version=\"4.6.1\"  class=\"bt_bb_text\" ><\/p>\n<p>Ve e\u011fer T\u00fcrkiye\u2019ye seyahat i\u00e7in gelirseniz, muayeneniz s\u0131ras\u0131nda doktorunuza \u00f6nerilerde bulunaca\u011f\u0131z. Burada bahsedilen detaylar b\u00fcy\u00fck etki yaratacak k\u00fc\u00e7\u00fck dokunu\u015flard\u0131r. \u00c7\u00fcnk\u00fc sizin durumunuz i\u00e7in en uygun prosed\u00fcr\u00fc bulmak \u00e7ok \u00f6nemlidir, ne eksik ne fazla.<\/p>\n<p><strong>Cauris ekibinin amac\u0131,<\/strong><br \/><strong>-En do\u011fal sonu\u00e7larla gen\u00e7lik \u0131\u015f\u0131lt\u0131n\u0131z\u0131 yakalaman\u0131z\u0131,<\/strong><br \/><strong>-\u0130htiyac\u0131n\u0131z olan kadar dokunu\u015fla mutlu olman\u0131z\u0131 sa\u011flamakt\u0131r.<\/strong><\/p>\n<p>A\u2019dan Z\u2019ye sizin i\u00e7in buraday\u0131z. Yolculu\u011funuzu sizin i\u00e7in planlayaca\u011f\u0131z.<br \/>U\u00e7ak biletleriniz,<br \/>Havaalan\u0131-otel-hastane transferleriniz,<br \/>Doktorla ilk g\u00f6r\u00fc\u015fmeniz ve kontrolleriniz,<br \/>Ameliyat \u00f6ncesi prosed\u00fcrleriniz ve ameliyat sonras\u0131 bak\u0131m\u0131n\u0131z,<br \/>Bizimle 1 y\u0131ll\u0131k takibiniz, hizmetlerimize dahildir.<\/p>\n<p><strong>Unutmay\u0131n:<\/strong><br \/><strong>As\u0131l g\u00fczellik i\u00e7inizde, biz yaln\u0131zca biraz daha d\u0131\u015fa yans\u0131tman\u0131za yard\u0131mc\u0131 oluyoruz!<\/strong><\/p>\n<p>\n<\/div><\/div><\/div><\/div><\/div><\/div><\/div><\/div><\/div><\/div><\/div><\/div><!-- cell_inner --><\/div><!-- cell --><\/div><!-- port --><\/section><\/p>\n","protected":false},"excerpt":{"rendered":"","protected":false},"author":2,"featured_media":0,"parent":0,"menu_order":0,"comment_status":"closed","ping_status":"closed","template":"","meta":{"footnotes":""},"class_list":["post-4915","page","type-page","status-publish","hentry"],"yoast_head":"<!-- This site is optimized with the Yoast SEO plugin v26.4 - https:\/\/yoast.com\/wordpress\/plugins\/seo\/ -->\n<title>Tedavi S\u00fcreciniz - Cauris Health<\/title>\n<meta name=\"robots\" content=\"index, follow, max-snippet:-1, max-image-preview:large, max-video-preview:-1\" \/>\n<link rel=\"canonical\" href=\"https:\/\/caurishealth.com\/tr\/tedavi-sureciniz\/\" \/>\n<meta property=\"og:locale\" content=\"tr_TR\" \/>\n<meta property=\"og:type\" content=\"article\" \/>\n<meta property=\"og:title\" content=\"Tedavi S\u00fcreciniz - Cauris Health\" \/>\n<meta property=\"og:url\" content=\"https:\/\/caurishealth.com\/tr\/tedavi-sureciniz\/\" \/>\n<meta property=\"og:site_name\" content=\"Cauris Health\" \/>\n<meta property=\"article:modified_time\" content=\"2024-02-01T10:46:50+00:00\" \/>\n<meta name=\"twitter:card\" content=\"summary_large_image\" \/>\n<meta name=\"twitter:label1\" content=\"Tahmini okuma s\u00fcresi\" \/>\n\t<meta name=\"twitter:data1\" content=\"5 dakika\" \/>\n<script type=\"application\/ld+json\" class=\"yoast-schema-graph\">{\"@context\":\"https:\/\/schema.org\",\"@graph\":[{\"@type\":\"WebPage\",\"@id\":\"https:\/\/caurishealth.com\/tr\/tedavi-sureciniz\/\",\"url\":\"https:\/\/caurishealth.com\/tr\/tedavi-sureciniz\/\",\"name\":\"Tedavi S\u00fcreciniz - Cauris Health\",\"isPartOf\":{\"@id\":\"https:\/\/caurishealth.com\/#website\"},\"datePublished\":\"2018-09-19T10:37:29+00:00\",\"dateModified\":\"2024-02-01T10:46:50+00:00\",\"breadcrumb\":{\"@id\":\"https:\/\/caurishealth.com\/tr\/tedavi-sureciniz\/#breadcrumb\"},\"inLanguage\":\"tr\",\"potentialAction\":[{\"@type\":\"ReadAction\",\"target\":[\"https:\/\/caurishealth.com\/tr\/tedavi-sureciniz\/\"]}]},{\"@type\":\"BreadcrumbList\",\"@id\":\"https:\/\/caurishealth.com\/tr\/tedavi-sureciniz\/#breadcrumb\",\"itemListElement\":[{\"@type\":\"ListItem\",\"position\":1,\"name\":\"Home\",\"item\":\"https:\/\/caurishealth.com\/tr\/\"},{\"@type\":\"ListItem\",\"position\":2,\"name\":\"Tedavi S\u00fcreciniz\"}]},{\"@type\":\"WebSite\",\"@id\":\"https:\/\/caurishealth.com\/#website\",\"url\":\"https:\/\/caurishealth.com\/\",\"name\":\"Cauris Health\",\"description\":\"\",\"potentialAction\":[{\"@type\":\"SearchAction\",\"target\":{\"@type\":\"EntryPoint\",\"urlTemplate\":\"https:\/\/caurishealth.com\/?s={search_term_string}\"},\"query-input\":{\"@type\":\"PropertyValueSpecification\",\"valueRequired\":true,\"valueName\":\"search_term_string\"}}],\"inLanguage\":\"tr\"}]}<\/script>\n<!-- \/ Yoast SEO plugin. -->","yoast_head_json":{"title":"Tedavi S\u00fcreciniz - Cauris Health","robots":{"index":"index","follow":"follow","max-snippet":"max-snippet:-1","max-image-preview":"max-image-preview:large","max-video-preview":"max-video-preview:-1"},"canonical":"https:\/\/caurishealth.com\/tr\/tedavi-sureciniz\/","og_locale":"tr_TR","og_type":"article","og_title":"Tedavi S\u00fcreciniz - Cauris Health","og_url":"https:\/\/caurishealth.com\/tr\/tedavi-sureciniz\/","og_site_name":"Cauris Health","article_modified_time":"2024-02-01T10:46:50+00:00","twitter_card":"summary_large_image","twitter_misc":{"Tahmini okuma s\u00fcresi":"5 dakika"},"schema":{"@context":"https:\/\/schema.org","@graph":[{"@type":"WebPage","@id":"https:\/\/caurishealth.com\/tr\/tedavi-sureciniz\/","url":"https:\/\/caurishealth.com\/tr\/tedavi-sureciniz\/","name":"Tedavi S\u00fcreciniz - Cauris Health","isPartOf":{"@id":"https:\/\/caurishealth.com\/#website"},"datePublished":"2018-09-19T10:37:29+00:00","dateModified":"2024-02-01T10:46:50+00:00","breadcrumb":{"@id":"https:\/\/caurishealth.com\/tr\/tedavi-sureciniz\/#breadcrumb"},"inLanguage":"tr","potentialAction":[{"@type":"ReadAction","target":["https:\/\/caurishealth.com\/tr\/tedavi-sureciniz\/"]}]},{"@type":"BreadcrumbList","@id":"https:\/\/caurishealth.com\/tr\/tedavi-sureciniz\/#breadcrumb","itemListElement":[{"@type":"ListItem","position":1,"name":"Home","item":"https:\/\/caurishealth.com\/tr\/"},{"@type":"ListItem","position":2,"name":"Tedavi S\u00fcreciniz"}]},{"@type":"WebSite","@id":"https:\/\/caurishealth.com\/#website","url":"https:\/\/caurishealth.com\/","name":"Cauris Health","description":"","potentialAction":[{"@type":"SearchAction","target":{"@type":"EntryPoint","urlTemplate":"https:\/\/caurishealth.com\/?s={search_term_string}"},"query-input":{"@type":"PropertyValueSpecification","valueRequired":true,"valueName":"search_term_string"}}],"inLanguage":"tr"}]}},"_links":{"self":[{"href":"https:\/\/caurishealth.com\/tr\/wp-json\/wp\/v2\/pages\/4915","targetHints":{"allow":["GET"]}}],"collection":[{"href":"https:\/\/caurishealth.com\/tr\/wp-json\/wp\/v2\/pages"}],"about":[{"href":"https:\/\/caurishealth.com\/tr\/wp-json\/wp\/v2\/types\/page"}],"author":[{"embeddable":true,"href":"https:\/\/caurishealth.com\/tr\/wp-json\/wp\/v2\/users\/2"}],"replies":[{"embeddable":true,"href":"https:\/\/caurishealth.com\/tr\/wp-json\/wp\/v2\/comments?post=4915"}],"version-history":[{"count":4,"href":"https:\/\/caurishealth.com\/tr\/wp-json\/wp\/v2\/pages\/4915\/revisions"}],"predecessor-version":[{"id":5250,"href":"https:\/\/caurishealth.com\/tr\/wp-json\/wp\/v2\/pages\/4915\/revisions\/5250"}],"wp:attachment":[{"href":"https:\/\/caurishealth.com\/tr\/wp-json\/wp\/v2\/media?parent=4915"}],"curies":[{"name":"wp","href":"https:\/\/api.w.org\/{rel}","templated":true}]}}