{"id":4998,"date":"2021-09-20T13:25:15","date_gmt":"2021-09-20T10:25:15","guid":{"rendered":"https:\/\/caurishealth.com\/sac-ekimi\/"},"modified":"2024-01-31T13:29:01","modified_gmt":"2024-01-31T10:29:01","slug":"sac-ekimi","status":"publish","type":"page","link":"https:\/\/caurishealth.com\/tr\/sac-ekimi\/","title":{"rendered":"Sa\u00e7 Ekimi"},"content":{"rendered":"<p><section id=\"bt_bb_section69e1701f8cafd\" class=\"bt_bb_section bt_bb_color_scheme_10 bt_bb_layout_boxed_1200 bt_bb_vertical_align_top bt_bb_top_spacing_large bt_bb_bottom_spacing_normal\" style=\"; --section-primary-color:#ffffff; --section-secondary-color:var(--alternate-color);\" data-bt-override-class=\"{&quot;bt_bb_bottom_spacing_&quot;:{&quot;current_class&quot;:&quot;bt_bb_bottom_spacing_normal&quot;,&quot;def&quot;:&quot;normal&quot;}}\"><div class=\"bt_bb_port\"><div class=\"bt_bb_cell\"><div class=\"bt_bb_cell_inner\"><div class=\"bt_bb_row \"  data-bt-override-class=\"{}\"><div class=\"bt_bb_row_holder\" ><div data-bb-version=\"4.6.1\"  class=\"bt_bb_column col-xxl-12 col-xl-12 col-xs-12 col-sm-12 col-md-12 col-lg-12 bt_bb_vertical_align_top bt_bb_align_center bt_bb_padding_normal bt_bb_animation_fade_in animate\" style=\"; --column-width:12;\" data-width=\"12\" data-bt-override-class=\"{&quot;bt_bb_align_&quot;:{&quot;current_class&quot;:&quot;bt_bb_align_center&quot;,&quot;def&quot;:&quot;center&quot;},&quot;bt_bb_padding_&quot;:{&quot;current_class&quot;:&quot;bt_bb_padding_normal&quot;,&quot;def&quot;:&quot;normal&quot;}}\"><div class=\"bt_bb_column_content\"><div class=\"bt_bb_column_content_inner\"><div data-bb-version=\"4.6.1\" class=\"bt_bb_separator bt_bb_border_style_none bt_bb_top_spacing_normal bt_bb_bottom_spacing_normal bt_bb_hidden_xs bt_bb_hidden_ms bt_bb_hidden_sm\" data-bt-override-class=\"{&quot;bt_bb_top_spacing_&quot;:{&quot;current_class&quot;:&quot;bt_bb_top_spacing_normal&quot;,&quot;def&quot;:&quot;normal&quot;},&quot;bt_bb_bottom_spacing_&quot;:{&quot;current_class&quot;:&quot;bt_bb_bottom_spacing_normal&quot;,&quot;def&quot;:&quot;normal&quot;}}\"><\/div><header data-bb-version=\"4.6.1\" class=\"bt_bb_headline bt_bb_subheadline_text_transform_default bt_bb_dash_none bt_bb_subheadline bt_bb_size_extralarge bt_bb_align_inherit\" data-bt-override-class=\"{&quot;bt_bb_size_&quot;:{&quot;current_class&quot;:&quot;bt_bb_size_extralarge&quot;,&quot;def&quot;:&quot;extralarge&quot;},&quot;bt_bb_align_&quot;:{&quot;current_class&quot;:&quot;bt_bb_align_inherit&quot;,&quot;def&quot;:&quot;inherit&quot;}}\"><h1 class=\"bt_bb_headline_tag\"><span class=\"bt_bb_headline_content\"><span>Sa\u00e7 <b>Ekimi<\/b><\/span><\/span><\/h1><div class=\"bt_bb_headline_subheadline\">FUE - DHI - KEEP<br \/><br \/>\n<\/div><\/header><div class=\"bt_bb_separator bt_bb_border_style_none bt_bb_bottom_spacing_normal\" data-bt-override-class=\"{&quot;bt_bb_bottom_spacing_&quot;:{&quot;current_class&quot;:&quot;bt_bb_bottom_spacing_normal&quot;,&quot;def&quot;:&quot;normal&quot;}}\"><\/div><\/div><\/div><\/div><\/div><\/div><\/div><!-- cell_inner --><\/div><!-- cell --><\/div><!-- port --><\/section><section data-bb-version=\"4.6.1\" id=\"bt_bb_section69e1701f8cf9e\" class=\"bt_bb_section bt_bb_color_scheme_8 bt_bb_layout_wide bt_bb_vertical_align_top bt_bb_top_spacing_none bt_bb_bottom_spacing_none\" style=\"; --section-primary-color:var(--alternate-color); --section-secondary-color:#ffffff;\" data-bt-override-class=\"{&quot;bt_bb_top_spacing_&quot;:{&quot;current_class&quot;:&quot;bt_bb_top_spacing_none&quot;,&quot;def&quot;:&quot;none&quot;},&quot;bt_bb_bottom_spacing_&quot;:{&quot;current_class&quot;:&quot;bt_bb_bottom_spacing_none&quot;,&quot;def&quot;:&quot;none&quot;}}\"><div class=\"bt_bb_port\"><div class=\"bt_bb_cell\"><div class=\"bt_bb_cell_inner\"><div class=\"bt_bb_row bt_bb_row_push_right bt_bb_content_wide bt_bb_row_width_boxed_1200 bt_bb_row_width_boxed  bt_bb_column_gap_0\" style=\"; --column-gap:0px;\" data-bt-override-class=\"{}\"><div class=\"bt_bb_row_holder\" ><div  class=\"bt_bb_column col-xxl-7 col-xl-7 col-xs-12 col-sm-12 col-md-12 col-lg-7 bt_bb_vertical_align_middle bt_bb_align_left bt_bb_padding_normal bt_bb_animation_fade_in animate\" style=\"; --column-width:7;\" data-width=\"7\" data-bt-override-class=\"{&quot;bt_bb_align_&quot;:{&quot;current_class&quot;:&quot;bt_bb_align_left&quot;,&quot;def&quot;:&quot;left&quot;,&quot;xl&quot;:&quot;left&quot;}}\"><div class=\"bt_bb_column_content\"><div class=\"bt_bb_column_content_inner\"><div data-bb-version=\"4.6.1\" class=\"bt_bb_separator bt_bb_border_style_none bt_bb_top_spacing_small bt_bb_bottom_spacing_normal\" data-bt-override-class=\"{&quot;bt_bb_top_spacing_&quot;:{&quot;current_class&quot;:&quot;bt_bb_top_spacing_small&quot;,&quot;def&quot;:&quot;small&quot;,&quot;sm&quot;:&quot;none&quot;,&quot;xs&quot;:&quot;none&quot;},&quot;bt_bb_bottom_spacing_&quot;:{&quot;current_class&quot;:&quot;bt_bb_bottom_spacing_normal&quot;,&quot;def&quot;:&quot;normal&quot;}}\"><\/div><header class=\"bt_bb_headline bt_bb_dash_none bt_bb_subheadline bt_bb_size_large bt_bb_align_inherit\" style=\"max-width: 600px;\" data-bt-override-class=\"{&quot;bt_bb_size_&quot;:{&quot;current_class&quot;:&quot;bt_bb_size_large&quot;,&quot;def&quot;:&quot;large&quot;,&quot;xl&quot;:&quot;large&quot;},&quot;bt_bb_align_&quot;:{&quot;current_class&quot;:&quot;bt_bb_align_inherit&quot;,&quot;def&quot;:&quot;inherit&quot;,&quot;xl&quot;:&quot;inherit&quot;}}\"><h2 class=\"bt_bb_headline_tag\"><span class=\"bt_bb_headline_content\"><span>Sa\u00e7 Ekimi <b>Dan\u0131\u015fmanl\u0131\u011f\u0131<\/b><\/span><\/span><\/h2><div class=\"bt_bb_headline_subheadline\">Sa\u00e7, Oyun De\u011fi\u015ftiricidir!<\/div><\/header><div class=\"bt_bb_separator bt_bb_border_style_none bt_bb_bottom_spacing_small\" data-bt-override-class=\"{&quot;bt_bb_bottom_spacing_&quot;:{&quot;current_class&quot;:&quot;bt_bb_bottom_spacing_small&quot;,&quot;def&quot;:&quot;small&quot;}}\"><\/div><div class=\" bt_bb_row_inner\"   data-bt-override-class=\"{}\"><div class=\"bt_bb_row_inner_holder\"  ><div  class=\"bt_bb_column_inner col-xxl-6 col-xl-6 col-xs-12 col-sm-12 col-md-12 col-lg-6 bt_bb_vertical_align_top bt_bb_align_left bt_bb_padding_normal\"  data-width=\"6\" data-bt-override-class=\"{}\"><div class=\"bt_bb_column_inner_content\"><div class=\"bt_bb_column_inner_content_inner\"><div  class=\"bt_bb_text\" ><\/p>\n<p><strong>Sa\u00e7 belirleyicidir<\/strong><\/p>\n<p>Bu prosed\u00fcr, sa\u00e7 folik\u00fcllerinin don\u00f6r b\u00f6lgelerden (tipik olarak ba\u015f\u0131n arkas\u0131 veya yanlar\u0131) al\u0131nmas\u0131n\u0131 ve bunlar\u0131n sa\u00e7\u0131n seyrek oldu\u011fu veya hi\u00e7 olmad\u0131\u011f\u0131 b\u00f6lgelere implantasyonunu i\u00e7erir.<br \/>\nSa\u00e7 ekiminin en \u00f6nemli avantajlar\u0131ndan biri do\u011fal g\u00f6r\u00fcn\u00fcml\u00fc sonu\u00e7lar\u0131d\u0131r.<\/p>\n<p>\n<\/div><div class=\"bt_bb_separator bt_bb_border_style_none bt_bb_bottom_spacing_small bt_bb_hidden_md bt_bb_hidden_lg\" data-bt-override-class=\"null\"><\/div><\/div><\/div><\/div><div  class=\"bt_bb_column_inner col-xxl-6 col-xl-6 col-xs-12 col-sm-12 col-md-12 col-lg-6 bt_bb_vertical_align_top bt_bb_align_left bt_bb_padding_normal\"  data-width=\"6\" data-bt-override-class=\"{}\"><div class=\"bt_bb_column_inner_content\"><div class=\"bt_bb_column_inner_content_inner\"><div  class=\"bt_bb_text\" ><\/p>\n<p>Ekilen sa\u00e7 k\u00f6kleri yeni yerlerinde b\u00fcy\u00fcmeye ve geli\u015fmeye devam ederek kal\u0131c\u0131 ve \u00f6zg\u00fcn bir g\u00f6r\u00fcn\u00fcm sa\u011flar.<\/p>\n<p>Hastalar ekilen sa\u00e7lar\u0131na t\u0131pk\u0131 do\u011fal sa\u00e7lar\u0131 gibi \u015fekil verebilir ve bak\u0131m\u0131n\u0131 yapabilirler. Bu minimal invazif prosed\u00fcr lokal anestezi alt\u0131nda ger\u00e7ekle\u015ftirilir ve ameliyat s\u0131ras\u0131nda ve sonras\u0131nda minimum rahats\u0131zl\u0131k sa\u011flan\u0131r.<\/p>\n<p>\n<\/div><\/div><\/div><\/div><\/div><\/div><div class=\"bt_bb_separator bt_bb_border_style_none bt_bb_bottom_spacing_medium\" data-bt-override-class=\"{&quot;bt_bb_bottom_spacing_&quot;:{&quot;current_class&quot;:&quot;bt_bb_bottom_spacing_medium&quot;,&quot;def&quot;:&quot;medium&quot;}}\"><\/div><\/div><\/div><\/div><div  class=\"bt_bb_column col-xxl-1 col-xl-1 col-xs-12 col-sm-12 col-md-12 col-lg-1 bt_bb_vertical_align_top bt_bb_align_left bt_bb_padding_normal\" style=\"; --column-width:1;\" data-width=\"1\" data-bt-override-class=\"{}\"><div class=\"bt_bb_column_content\"><div class=\"bt_bb_column_content_inner\"><\/div><\/div><\/div><div data-bb-version=\"4.6.1\"  class=\"bt_bb_column col-xxl-4 col-xl-4 col-xs-12 col-sm-12 col-md-12 col-lg-4 bt_bb_vertical_align_top bt_bb_align_left btLazyLoadBackground bt_bb_column_background_image bt_bb_padding_normal bt_bb_animation_fade_in animate bt_bb_shape_soft-rounded\" style=\"background-image:url(&#039;https:\/\/caurishealth.com\/wp-content\/plugins\/bold-page-builder\/img\/blank.gif&#039;);; --column-width:4;\" data-background_image_src='https:\/\/caurishealth.com\/wp-content\/uploads\/2023\/09\/hairt.jpg' data-width=\"4\" data-bt-override-class=\"{&quot;bt_bb_align_&quot;:{&quot;current_class&quot;:&quot;bt_bb_align_left&quot;,&quot;def&quot;:&quot;left&quot;},&quot;bt_bb_padding_&quot;:{&quot;current_class&quot;:&quot;bt_bb_padding_normal&quot;,&quot;def&quot;:&quot;normal&quot;}}\"><div class=\"bt_bb_column_content\"><div class=\"bt_bb_column_content_inner\"><div data-bb-version=\"4.6.1\" class=\"bt_bb_image bt_bb_shape_square bt_bb_target_self bt_bb_align_inherit bt_bb_hover_style_simple bt_bb_content_display_always bt_bb_content_align_middle bt_bb_hidden_md bt_bb_hidden_lg bt_bb_hidden_xl\" data-bt-override-class=\"{&quot;bt_bb_align_&quot;:{&quot;current_class&quot;:&quot;bt_bb_align_inherit&quot;,&quot;def&quot;:&quot;inherit&quot;}}\"><span><img loading=\"lazy\" decoding=\"async\" width=\"763\" height=\"1145\" src=\"https:\/\/caurishealth.com\/wp-content\/uploads\/2023\/09\/hairt.jpg\" class=\"attachment-full size-full\" alt=\"https:\/\/caurishealth.com\/wp-content\/uploads\/2023\/09\/hairt.jpg\" data-full_image_src=\"https:\/\/caurishealth.com\/wp-content\/uploads\/2023\/09\/hairt.jpg\" title=\"hairt\" srcset=\"https:\/\/caurishealth.com\/wp-content\/uploads\/2023\/09\/hairt.jpg 763w, https:\/\/caurishealth.com\/wp-content\/uploads\/2023\/09\/hairt-640x960.jpg 640w, https:\/\/caurishealth.com\/wp-content\/uploads\/2023\/09\/hairt-320x480.jpg 320w, https:\/\/caurishealth.com\/wp-content\/uploads\/2023\/09\/hairt-720x1080.jpg 720w, https:\/\/caurishealth.com\/wp-content\/uploads\/2023\/09\/hairt-360x540.jpg 360w\" sizes=\"auto, (max-width: 763px) 100vw, 763px\" \/><\/span><\/div><\/div><\/div><\/div><\/div><\/div><div class=\"bt_bb_row \"  data-bt-override-class=\"{}\"><div class=\"bt_bb_row_holder\" ><div  class=\"bt_bb_column col-xxl-12 col-xl-12 col-xs-12 col-sm-12 col-md-12 col-lg-12 bt_bb_vertical_align_top bt_bb_align_left bt_bb_padding_normal\" style=\"; --column-width:12;\" data-width=\"12\" data-bt-override-class=\"{}\"><div class=\"bt_bb_column_content\"><div class=\"bt_bb_column_content_inner\"><\/div><\/div><\/div><\/div><\/div><div class=\"bt_bb_row bt_bb_row_push_left bt_bb_content_wide bt_bb_row_width_boxed_1200 bt_bb_row_width_boxed  bt_bb_column_gap_0\" style=\"background: linear-gradient( 180deg, rgba(255,255,255,0) 0%, rgba(255,255,255,0.8) 15%, rgba(255,255,255,1) 100%);; --column-gap:0px;\" data-bt-override-class=\"{}\"><div class=\"bt_bb_row_holder\" ><div data-bb-version=\"4.6.1\"  class=\"bt_bb_column col-xxl-4 col-xl-4 col-xs-12 col-sm-12 col-md-12 col-lg-4 bt_bb_vertical_align_top bt_bb_align_left bt_bb_order_md_2 bt_bb_order_sm_2 bt_bb_order_xs_2 btLazyLoadBackground bt_bb_column_background_image bt_bb_padding_normal bt_bb_animation_fade_in animate bt_bb_shape_soft-rounded\" style=\"background-image:url(&#039;https:\/\/caurishealth.com\/wp-content\/plugins\/bold-page-builder\/img\/blank.gif&#039;);; --column-width:4;\" data-background_image_src='https:\/\/caurishealth.com\/wp-content\/uploads\/2023\/09\/hairt2.jpg' data-width=\"4\" data-bt-override-class=\"{&quot;bt_bb_align_&quot;:{&quot;current_class&quot;:&quot;bt_bb_align_left&quot;,&quot;def&quot;:&quot;left&quot;},&quot;bt_bb_padding_&quot;:{&quot;current_class&quot;:&quot;bt_bb_padding_normal&quot;,&quot;def&quot;:&quot;normal&quot;}}\"><div class=\"bt_bb_column_content\"><div class=\"bt_bb_column_content_inner\"><div data-bb-version=\"4.6.1\" class=\"bt_bb_image bt_bb_shape_square bt_bb_target_self bt_bb_align_inherit bt_bb_hover_style_simple bt_bb_content_display_always bt_bb_content_align_middle bt_bb_hidden_md bt_bb_hidden_lg bt_bb_hidden_xl\" data-bt-override-class=\"{&quot;bt_bb_align_&quot;:{&quot;current_class&quot;:&quot;bt_bb_align_inherit&quot;,&quot;def&quot;:&quot;inherit&quot;}}\"><span><img loading=\"lazy\" decoding=\"async\" width=\"763\" height=\"1145\" src=\"https:\/\/caurishealth.com\/wp-content\/uploads\/2023\/09\/hairt2.jpg\" class=\"attachment-full size-full\" alt=\"https:\/\/caurishealth.com\/wp-content\/uploads\/2023\/09\/hairt2.jpg\" data-full_image_src=\"https:\/\/caurishealth.com\/wp-content\/uploads\/2023\/09\/hairt2.jpg\" title=\"hairt2\" srcset=\"https:\/\/caurishealth.com\/wp-content\/uploads\/2023\/09\/hairt2.jpg 763w, https:\/\/caurishealth.com\/wp-content\/uploads\/2023\/09\/hairt2-640x960.jpg 640w, https:\/\/caurishealth.com\/wp-content\/uploads\/2023\/09\/hairt2-320x480.jpg 320w, https:\/\/caurishealth.com\/wp-content\/uploads\/2023\/09\/hairt2-720x1080.jpg 720w, https:\/\/caurishealth.com\/wp-content\/uploads\/2023\/09\/hairt2-360x540.jpg 360w\" sizes=\"auto, (max-width: 763px) 100vw, 763px\" \/><\/span><\/div><\/div><\/div><\/div><div  class=\"bt_bb_column col-xxl-1 col-xl-1 col-xs-12 col-sm-12 col-md-12 col-lg-1 bt_bb_vertical_align_top bt_bb_align_left bt_bb_padding_normal\" style=\"; --column-width:1;\" data-width=\"1\" data-bt-override-class=\"{}\"><div class=\"bt_bb_column_content\"><div class=\"bt_bb_column_content_inner\"><\/div><\/div><\/div><div  class=\"bt_bb_column col-xxl-7 col-xl-7 col-xs-12 col-sm-12 col-md-12 col-lg-7 bt_bb_vertical_align_middle bt_bb_align_left bt_bb_padding_normal bt_bb_animation_fade_in animate\" style=\"; --column-width:7;\" data-width=\"7\" data-bt-override-class=\"{&quot;bt_bb_align_&quot;:{&quot;current_class&quot;:&quot;bt_bb_align_left&quot;,&quot;def&quot;:&quot;left&quot;,&quot;xl&quot;:&quot;left&quot;}}\"><div class=\"bt_bb_column_content\"><div class=\"bt_bb_column_content_inner\"><div data-bb-version=\"4.6.1\" class=\"bt_bb_separator bt_bb_border_style_none bt_bb_top_spacing_normal bt_bb_bottom_spacing_normal\" data-bt-override-class=\"{&quot;bt_bb_top_spacing_&quot;:{&quot;current_class&quot;:&quot;bt_bb_top_spacing_normal&quot;,&quot;def&quot;:&quot;normal&quot;},&quot;bt_bb_bottom_spacing_&quot;:{&quot;current_class&quot;:&quot;bt_bb_bottom_spacing_normal&quot;,&quot;def&quot;:&quot;normal&quot;,&quot;sm&quot;:&quot;small&quot;,&quot;xs&quot;:&quot;small&quot;}}\"><\/div><header class=\"bt_bb_headline bt_bb_dash_none bt_bb_size_normal bt_bb_align_inherit\" data-bt-override-class=\"{&quot;bt_bb_size_&quot;:{&quot;current_class&quot;:&quot;bt_bb_size_normal&quot;,&quot;def&quot;:&quot;normal&quot;,&quot;xl&quot;:&quot;normal&quot;},&quot;bt_bb_align_&quot;:{&quot;current_class&quot;:&quot;bt_bb_align_inherit&quot;,&quot;def&quot;:&quot;inherit&quot;,&quot;xl&quot;:&quot;inherit&quot;}}\"><h2 class=\"bt_bb_headline_tag\"><span class=\"bt_bb_headline_content\"><span>Sa\u00e7 Ekimi <b>Bilgi<\/b><\/span><\/span><\/h2><\/header><div class=\"bt_bb_separator bt_bb_border_style_none bt_bb_bottom_spacing_normal\" data-bt-override-class=\"null\"><\/div><div data-bb-version=\"4.6.1\"  class=\"bt_bb_text\" ><\/p>\n<p><strong>Sa\u00e7 Ekimi i\u015flemi ne kadar s\u00fcrer?<\/strong><br \/>\nYakla\u015f\u0131k 6-8 saat s\u00fcrer.<\/p>\n<p><strong>Sa\u00e7 Ekimi i\u00e7in T\u00fcrkiye&#8217;de ne kadar kalmal\u0131y\u0131m?<\/strong><br \/>\nL\u00fctfen planlaman\u0131z\u0131 2-3 gece konaklama dahil ederek yap\u0131n\u0131z.<\/p>\n<p><strong>Sa\u00e7 Ekimi i\u00e7in uygun bir aday m\u0131y\u0131m?<\/strong><br \/>\nSa\u00e7 ekimi i\u00e7in uygun olup olmad\u0131\u011f\u0131n\u0131z, sa\u00e7 ekim uzman\u0131 taraf\u0131ndan don\u00f6r b\u00f6lgenizin incelenmesiyle anla\u015f\u0131lacakt\u0131r. Yeterince \u0131\u015f\u0131k alan bir ortamda sa\u00e7\u0131n\u0131z\u0131n enseye yak\u0131n b\u00f6lgesinin bir foto\u011fraf\u0131n\u0131 ve videosunu payla\u015f\u0131rsan\u0131z uygunlu\u011funuz de\u011ferlendirilecek ve size uygun tedavi \u00f6nerisi yap\u0131lacakt\u0131r.<\/p>\n<p>\n<\/div><div class=\"bt_bb_separator bt_bb_border_style_none bt_bb_bottom_spacing_normal\" data-bt-override-class=\"{&quot;bt_bb_bottom_spacing_&quot;:{&quot;current_class&quot;:&quot;bt_bb_bottom_spacing_normal&quot;,&quot;def&quot;:&quot;normal&quot;}}\"><\/div><\/div><\/div><\/div><\/div><\/div><\/div><!-- cell_inner --><\/div><!-- cell --><\/div><!-- port --><\/section><\/p>\n","protected":false},"excerpt":{"rendered":"","protected":false},"author":2,"featured_media":0,"parent":0,"menu_order":0,"comment_status":"closed","ping_status":"closed","template":"","meta":{"footnotes":""},"class_list":["post-4998","page","type-page","status-publish","hentry"],"yoast_head":"<!-- This site is optimized with the Yoast SEO plugin v26.4 - https:\/\/yoast.com\/wordpress\/plugins\/seo\/ -->\n<title>Sa\u00e7 Ekimi - Cauris Health<\/title>\n<meta name=\"robots\" content=\"index, follow, max-snippet:-1, max-image-preview:large, max-video-preview:-1\" \/>\n<link rel=\"canonical\" href=\"https:\/\/caurishealth.com\/tr\/sac-ekimi\/\" \/>\n<meta property=\"og:locale\" content=\"tr_TR\" \/>\n<meta property=\"og:type\" content=\"article\" \/>\n<meta property=\"og:title\" content=\"Sa\u00e7 Ekimi - Cauris Health\" \/>\n<meta property=\"og:url\" content=\"https:\/\/caurishealth.com\/tr\/sac-ekimi\/\" \/>\n<meta property=\"og:site_name\" content=\"Cauris Health\" \/>\n<meta property=\"article:modified_time\" content=\"2024-01-31T10:29:01+00:00\" \/>\n<meta name=\"twitter:card\" content=\"summary_large_image\" \/>\n<meta name=\"twitter:label1\" content=\"Tahmini okuma s\u00fcresi\" \/>\n\t<meta name=\"twitter:data1\" content=\"8 dakika\" \/>\n<script type=\"application\/ld+json\" class=\"yoast-schema-graph\">{\"@context\":\"https:\/\/schema.org\",\"@graph\":[{\"@type\":\"WebPage\",\"@id\":\"https:\/\/caurishealth.com\/tr\/sac-ekimi\/\",\"url\":\"https:\/\/caurishealth.com\/tr\/sac-ekimi\/\",\"name\":\"Sa\u00e7 Ekimi - Cauris Health\",\"isPartOf\":{\"@id\":\"https:\/\/caurishealth.com\/#website\"},\"datePublished\":\"2021-09-20T10:25:15+00:00\",\"dateModified\":\"2024-01-31T10:29:01+00:00\",\"breadcrumb\":{\"@id\":\"https:\/\/caurishealth.com\/tr\/sac-ekimi\/#breadcrumb\"},\"inLanguage\":\"tr\",\"potentialAction\":[{\"@type\":\"ReadAction\",\"target\":[\"https:\/\/caurishealth.com\/tr\/sac-ekimi\/\"]}]},{\"@type\":\"BreadcrumbList\",\"@id\":\"https:\/\/caurishealth.com\/tr\/sac-ekimi\/#breadcrumb\",\"itemListElement\":[{\"@type\":\"ListItem\",\"position\":1,\"name\":\"Home\",\"item\":\"https:\/\/caurishealth.com\/tr\/\"},{\"@type\":\"ListItem\",\"position\":2,\"name\":\"Sa\u00e7 Ekimi\"}]},{\"@type\":\"WebSite\",\"@id\":\"https:\/\/caurishealth.com\/#website\",\"url\":\"https:\/\/caurishealth.com\/\",\"name\":\"Cauris Health\",\"description\":\"\",\"potentialAction\":[{\"@type\":\"SearchAction\",\"target\":{\"@type\":\"EntryPoint\",\"urlTemplate\":\"https:\/\/caurishealth.com\/?s={search_term_string}\"},\"query-input\":{\"@type\":\"PropertyValueSpecification\",\"valueRequired\":true,\"valueName\":\"search_term_string\"}}],\"inLanguage\":\"tr\"}]}<\/script>\n<!-- \/ Yoast SEO plugin. -->","yoast_head_json":{"title":"Sa\u00e7 Ekimi - Cauris Health","robots":{"index":"index","follow":"follow","max-snippet":"max-snippet:-1","max-image-preview":"max-image-preview:large","max-video-preview":"max-video-preview:-1"},"canonical":"https:\/\/caurishealth.com\/tr\/sac-ekimi\/","og_locale":"tr_TR","og_type":"article","og_title":"Sa\u00e7 Ekimi - Cauris Health","og_url":"https:\/\/caurishealth.com\/tr\/sac-ekimi\/","og_site_name":"Cauris Health","article_modified_time":"2024-01-31T10:29:01+00:00","twitter_card":"summary_large_image","twitter_misc":{"Tahmini okuma s\u00fcresi":"8 dakika"},"schema":{"@context":"https:\/\/schema.org","@graph":[{"@type":"WebPage","@id":"https:\/\/caurishealth.com\/tr\/sac-ekimi\/","url":"https:\/\/caurishealth.com\/tr\/sac-ekimi\/","name":"Sa\u00e7 Ekimi - Cauris Health","isPartOf":{"@id":"https:\/\/caurishealth.com\/#website"},"datePublished":"2021-09-20T10:25:15+00:00","dateModified":"2024-01-31T10:29:01+00:00","breadcrumb":{"@id":"https:\/\/caurishealth.com\/tr\/sac-ekimi\/#breadcrumb"},"inLanguage":"tr","potentialAction":[{"@type":"ReadAction","target":["https:\/\/caurishealth.com\/tr\/sac-ekimi\/"]}]},{"@type":"BreadcrumbList","@id":"https:\/\/caurishealth.com\/tr\/sac-ekimi\/#breadcrumb","itemListElement":[{"@type":"ListItem","position":1,"name":"Home","item":"https:\/\/caurishealth.com\/tr\/"},{"@type":"ListItem","position":2,"name":"Sa\u00e7 Ekimi"}]},{"@type":"WebSite","@id":"https:\/\/caurishealth.com\/#website","url":"https:\/\/caurishealth.com\/","name":"Cauris Health","description":"","potentialAction":[{"@type":"SearchAction","target":{"@type":"EntryPoint","urlTemplate":"https:\/\/caurishealth.com\/?s={search_term_string}"},"query-input":{"@type":"PropertyValueSpecification","valueRequired":true,"valueName":"search_term_string"}}],"inLanguage":"tr"}]}},"_links":{"self":[{"href":"https:\/\/caurishealth.com\/tr\/wp-json\/wp\/v2\/pages\/4998","targetHints":{"allow":["GET"]}}],"collection":[{"href":"https:\/\/caurishealth.com\/tr\/wp-json\/wp\/v2\/pages"}],"about":[{"href":"https:\/\/caurishealth.com\/tr\/wp-json\/wp\/v2\/types\/page"}],"author":[{"embeddable":true,"href":"https:\/\/caurishealth.com\/tr\/wp-json\/wp\/v2\/users\/2"}],"replies":[{"embeddable":true,"href":"https:\/\/caurishealth.com\/tr\/wp-json\/wp\/v2\/comments?post=4998"}],"version-history":[{"count":2,"href":"https:\/\/caurishealth.com\/tr\/wp-json\/wp\/v2\/pages\/4998\/revisions"}],"predecessor-version":[{"id":5002,"href":"https:\/\/caurishealth.com\/tr\/wp-json\/wp\/v2\/pages\/4998\/revisions\/5002"}],"wp:attachment":[{"href":"https:\/\/caurishealth.com\/tr\/wp-json\/wp\/v2\/media?parent=4998"}],"curies":[{"name":"wp","href":"https:\/\/api.w.org\/{rel}","templated":true}]}}