{"id":5458,"date":"2024-06-26T13:45:14","date_gmt":"2024-06-26T10:45:14","guid":{"rendered":"https:\/\/caurishealth.com\/kvkk-aydinlatma-metni\/"},"modified":"2024-06-26T14:06:47","modified_gmt":"2024-06-26T11:06:47","slug":"kvkk-aydinlatma-metni","status":"publish","type":"page","link":"https:\/\/caurishealth.com\/tr\/kvkk-aydinlatma-metni\/","title":{"rendered":"KVKK Ayd\u0131nlatma Metni"},"content":{"rendered":"<section data-bb-version=\"4.6.1\" id=\"bt_bb_section69e172bd9a1b8\" class=\"bt_bb_section bt_bb_layout_boxed_1200 bt_bb_vertical_align_top bt_bb_top_spacing_large bt_bb_bottom_spacing_normal\"  data-bt-override-class=\"{&quot;bt_bb_top_spacing_&quot;:{&quot;current_class&quot;:&quot;bt_bb_top_spacing_large&quot;,&quot;def&quot;:&quot;large&quot;,&quot;sm&quot;:&quot;medium&quot;,&quot;xs&quot;:&quot;medium&quot;},&quot;bt_bb_bottom_spacing_&quot;:{&quot;current_class&quot;:&quot;bt_bb_bottom_spacing_normal&quot;,&quot;def&quot;:&quot;normal&quot;}}\"><div class=\"bt_bb_port\"><div class=\"bt_bb_cell\"><div class=\"bt_bb_cell_inner\"><div class=\"bt_bb_row \"  data-bt-override-class=\"{}\"><div class=\"bt_bb_row_holder\" ><div data-bb-version=\"4.6.1\"  class=\"bt_bb_column col-xxl-12 col-xl-12 col-xs-12 col-sm-12 col-md-12 col-lg-12 bt_bb_vertical_align_top bt_bb_align_left bt_bb_padding_normal\" style=\"; --column-width:12;\" data-width=\"12\" data-bt-override-class=\"{&quot;bt_bb_align_&quot;:{&quot;current_class&quot;:&quot;bt_bb_align_left&quot;,&quot;def&quot;:&quot;left&quot;},&quot;bt_bb_padding_&quot;:{&quot;current_class&quot;:&quot;bt_bb_padding_normal&quot;,&quot;def&quot;:&quot;normal&quot;}}\"><div class=\"bt_bb_column_content\"><div class=\"bt_bb_column_content_inner\"><div  class=\"bt_bb_text\" ><\/p>\n<h1><strong><br \/>KVKK Ayd\u0131nlatma Metni<\/strong><\/h1>\n<p><strong>1.G\u0130R\u0130\u015e<\/strong><br \/>\u0130\u015fbu ayd\u0131nlatma metni, 6698 say\u0131l\u0131 Ki\u015fisel Verilerin Korunmas\u0131 Kanununun (\u201cKanun\u201d) 10. maddesi ve ilgili mevzuat uyar\u0131nca Patagonya Sa\u011fl\u0131k Turizm Hizmetleri Ltd. \u015eti. t\u00fczel ki\u015fili\u011fi ve ilgili birimleri taraf\u0131ndan toplanan ki\u015fisel verilerin i\u015flenmesine ili\u015fkin ilgili ki\u015filerin ayd\u0131nlat\u0131lmas\u0131 ve onay\u0131n\u0131n al\u0131nmas\u0131 amac\u0131 ile haz\u0131rlanm\u0131\u015ft\u0131r.<br \/>VER\u0130 SORUMLUSU, ki\u015fisel verilerin i\u015flenmesi, korunmas\u0131 ve g\u00fcvenli\u011fi hususuna azami hassasiyet ve gayret g\u00f6stermektedir.<br \/>Ki\u015fisel veriler VER\u0130 SORUMLUSU taraf\u0131ndan her t\u00fcrl\u00fc i\u015fitsel, yaz\u0131l\u0131, g\u00f6rsel ya da elektronik y\u00f6ntemlerle toplanabilecektir.<br \/>Bu kapsamda ve Kanun gere\u011fince ilgili ki\u015filerin ki\u015fisel verileri VER\u0130 SORUMLUSU taraf\u0131ndan Kanunda say\u0131lan genel ilkeler do\u011frultusunda ger\u00e7ekle\u015ftirilmesi gereken i\u015f ve i\u015flemler i\u00e7in Veri Sorumlusu s\u0131fat\u0131yla i\u015flenebilecektir.<br \/><strong>2.K\u0130\u015e\u0130SEL VER\u0130LER\u0130N \u0130\u015eLENME AMACI<\/strong><br \/>Ki\u015fisel veriler, Kanun\u2019un 5. ve 6. maddelerinde belirtilen ki\u015fisel veri i\u015fleme \u015fartlar\u0131 ile Kanun\u2019da belirtilen ama\u00e7lar \u00e7er\u00e7evesinde ve s\u0131n\u0131rl\u0131 olmamak kayd\u0131yla a\u015fa\u011f\u0131da belirtilen ama\u00e7larla i\u015flenmektedir. Buna g\u00f6re ki\u015fisel verilerin i\u015flenme amac\u0131;<br \/>\uf0b7Sa\u011fl\u0131k turizmi hizmeti sunmak,<br \/>\uf0b7Randevu ve seyahat d\u00fczenlemelerini yapmak,<br \/>\uf0b7\u0130htiya\u00e7 duydu\u011funuz sa\u011fl\u0131k hizmetlerini sa\u011flayabilmek i\u00e7in doktorlar\u0131n\u0131z ve di\u011fer sa\u011fl\u0131k hizmeti sa\u011flay\u0131c\u0131lar\u0131n\u0131zla ileti\u015fim kurmak,<br \/>\uf0b7Fatura ve tahsilat i\u015flemlerini ger\u00e7ekle\u015ftirmek,<br \/>\uf0b7M\u00fc\u015fteri memnuniyeti anketleri ve pazarlama faaliyetleri i\u00e7in kullanmak,<br \/>\uf0b7Yasal ve idari y\u00fck\u00fcml\u00fcl\u00fcklerimizi yerine getirmek.<br \/>\uf0b7D\u0131\u015f ili\u015fkilerin y\u00f6netilmesi<br \/>\uf0b7K\u00fclt\u00fcrel, Sanatsal etkinlik, sa\u011fl\u0131k turizmi, sa\u011fl\u0131k hizmetleri vb. hususlarda \u00e7al\u0131\u015fmalar\u0131n yap\u0131lmas\u0131<br \/>\uf0b7Hastane, sa\u011fl\u0131k kurulu\u015flar\u0131, otel, ula\u015f\u0131m hizmetlerine ili\u015fkin firmalar ve m\u00fczelere ili\u015fkin i\u015flemlerin ger\u00e7ekle\u015ftirilmesi<br \/>\uf0b7Hizmet ve y\u00f6netim kalitesinin artt\u0131r\u0131lmas\u0131 ve bu kapsamda \u00e7al\u0131\u015fmalar\u0131n yap\u0131lmas\u0131<\/p>\n<p><strong>3. \u0130\u015eLENEN K\u0130\u015e\u0130SEL VER\u0130LER<\/strong><br \/>Yukar\u0131da belirtilen ama\u00e7lar kapsam\u0131nda 6698 say\u0131l\u0131 Ki\u015fisel Verilerin Korunmas\u0131 Kanunu (\u201cKVKK\u201d) ve ilgili mevzuat kapsam\u0131nda veri sorumlusu s\u0131fat\u0131yla, kanunun \u00f6ng\u00f6rd\u00fc\u011f\u00fc s\u0131n\u0131r ve s\u00fcrelerde saklanmak \u00fczere i\u015flenmesi muhtemel ki\u015fisel verileriniz a\u015fa\u011f\u0131da s\u0131ralanmaktad\u0131r.<br \/>\uf0b7Ad\u0131n\u0131z ve soyad\u0131n\u0131z,<br \/>\uf0b7T.C. kimlik numaran\u0131z,<br \/>\uf0b7Pasaport numaran\u0131z,<br \/>\uf0b7Telefon numaran\u0131z,<br \/>\uf0b7E-posta adresiniz,<br \/>\uf0b7Sa\u011fl\u0131k sigortas\u0131 bilgileriniz,<br \/>\uf0b7Seyahat bilgileriniz,<br \/>\uf0b7Vize bilgileriniz,<br \/>\uf0b7Sa\u011fl\u0131k ge\u00e7mi\u015finiz,<br \/>\uf0b7Tedavi plan\u0131n\u0131z,<br \/>\uf0b7Doktorunuz ve di\u011fer sa\u011fl\u0131k hizmeti sa\u011flay\u0131c\u0131lar\u0131n\u0131zla ilgili bilgiler,<br \/>\uf0b7Banka hesap bilgileriniz,<br \/>\uf0b7Foto\u011fraf\u0131n\u0131z.<\/p>\n<p><strong>4.K\u0130\u015e\u0130SEL VER\u0130LEN PAYLA\u015eILMASI VE AKTARILMASI<\/strong><br \/>Toplanan ki\u015fisel veriler, Kanun\u2019un 8. ve 9. maddelerinde belirtilen \u015fartlar \u00e7er\u00e7evesinde; Sa\u011fl\u0131k hizmeti sa\u011flay\u0131c\u0131lar\u0131 (hastaneler, klinikler, doktorlar, laboratuvarlar vb.), Sigorta \u015firketleri, Seyahat acenteleri, Vize dan\u0131\u015fmanl\u0131k firmalar\u0131, Denetleme kurumlar\u0131, Yasal ve idari y\u00fck\u00fcml\u00fcl\u00fcklerimizi yerine getirmek i\u00e7in gerekli olan kamu kurum ve kurulu\u015flar\u0131 , VER\u0130 SORUMLUSU\u2019nun hizmet sa\u011flay\u0131c\u0131lar\u0131, veri i\u015fleyenleri ve yasal olarak yetkili kurum ve kurulu\u015flar ile, ilgili mevzuatlar \u00e7er\u00e7evesinde, ki\u015fisel veri i\u015fleme \u015fartlar\u0131 ve ama\u00e7lar\u0131 do\u011frultusunda payla\u015f\u0131labilecektir.<\/p>\n<p>VER\u0130 SORUMLUSU, ki\u015fisel verilerin hukuka ayk\u0131r\u0131 olarak i\u015flenmesinin ve verilere hukuka ayk\u0131r\u0131 olarak eri\u015filmesinin \u00f6nlenmesi ve ki\u015fisel verilerin g\u00fcvenli bir \u015fekilde muhafaza edilmesi amac\u0131yla gerekli hukuki, teknik ve idari tedbirleri en \u00fcst seviyede, kanunda belirtilen ilkeler do\u011frultusunda i\u015flemeye gayret g\u00f6stermektedir.<\/p>\n<p><strong>4.K\u0130\u015e\u0130SEL VER\u0130 TOPLAMA Y\u00d6NTEM\u0130 VE HUKUK\u0130 SEBEB\u0130<\/strong><br \/>VER\u0130 SORUMLUSU ki\u015fisel verileri, her t\u00fcrl\u00fc i\u015fitsel, yaz\u0131l\u0131, g\u00f6rsel ve elektronik ortamda ve i\u015fbu ayd\u0131nlatma metninde belirtilen ama\u00e7lar \u00e7er\u00e7evesinde, VER\u0130 SORUMLUSU\u2019nun sunmu\u015f oldu\u011fu hizmetlerin yasalara ve ilgili mevzuata uygun olarak sunulabilmesi ve yine VER\u0130 SORUMLUSU\u2019nun s\u00f6zle\u015fme ve yasalardan do\u011fan y\u00fck\u00fcml\u00fcl\u00fcklerini eksiksiz olarak yerine getirebilmesi, i\u015f faaliyetlerinin y\u00fcr\u00fct\u00fclmesi gibi bir\u00e7ok hukuki sebebe dayal\u0131 olarak toplamakta, Kanun\u2019da belirtilen \u015fartlara uygun olarak i\u015flemektedir. Hukuki sebepler \u015fu \u015fekildedir;<br \/>\uf0b7\u0130lgili ki\u015finin a\u00e7\u0131k r\u0131zas\u0131n\u0131n varl\u0131\u011f\u0131,<br \/>\uf0b7Kanunlarda a\u00e7\u0131k\u00e7a \u00f6ng\u00f6r\u00fclmesi,<br \/>\uf0b7Fiili imk\u00e2ns\u0131zl\u0131k nedeniyle r\u0131zas\u0131n\u0131 a\u00e7\u0131klayamayacak durumda bulunan veya r\u0131zas\u0131na hukuki ge\u00e7erlilik tan\u0131nmayan ki\u015finin kendisinin ya da bir ba\u015fkas\u0131n\u0131n hayat\u0131 veya beden b\u00fct\u00fcnl\u00fc\u011f\u00fcn\u00fcn korunmas\u0131 i\u00e7in zorunlu olmas\u0131,<br \/>\uf0b7Bir s\u00f6zle\u015fmenin kurulmas\u0131 veya ifas\u0131yla do\u011fudan do\u011fruya ilgili olmas\u0131 kayd\u0131yla s\u00f6zle\u015fmenin taraflar\u0131na ait ki\u015fisel verilerin i\u015flenmesinin gerekli olmas\u0131,<br \/>\uf0b7Veri sorumlusunun hukuki y\u00fck\u00fcml\u00fcl\u00fc\u011f\u00fcn\u00fc yerine getirebilmesi i\u00e7in zorunlu olmas\u0131,<br \/>\uf0b7\u0130lgili ki\u015finin kendisi taraf\u0131ndan alenile\u015ftirilmi\u015f olmas\u0131,<br \/>\uf0b7Bir hakk\u0131n tesisi, kullan\u0131lmas\u0131 veya korunmas\u0131 i\u00e7in veri i\u015flemenin zorunlu olmas\u0131,<br \/>\uf0b7\u0130lgili ki\u015finin temek hak ve \u00f6zg\u00fcrl\u00fcklerine zarar vermemek kayd\u0131yla, veri sorumlusunun me\u015fru menfaatleri i\u00e7in veri i\u015flenmesinin zorunlu olmas\u0131<br \/><strong>5.K\u0130\u015e\u0130SEL VER\u0130 SAH\u0130PLER\u0130N\u0130N HAKLARI VE HAKLARIN KORUNMASI<\/strong><br \/>Ki\u015fisel veri sahipleri Kanun\u2019un 11. maddesi uyar\u0131nca;<br \/>\uf0b7Ki\u015fisel veri i\u015flenip i\u015flenmedi\u011fini \u00f6\u011frenme,<br \/>\uf0b7Ki\u015fisel verileri i\u015flenmi\u015fse buna ili\u015fkin bilgi talep etme,<br \/>\uf0b7Ki\u015fisel verilerin i\u015flenme amac\u0131n\u0131 ve bunlar\u0131n amac\u0131na uygun kullan\u0131l\u0131p kullan\u0131lmad\u0131\u011f\u0131n\u0131 \u00f6\u011frenme,<br \/>\uf0b7Yurt i\u00e7inde veya yurt d\u0131\u015f\u0131nda ki\u015fisel verilerin aktar\u0131ld\u0131\u011f\u0131 \u00fc\u00e7\u00fcnc\u00fc ki\u015fileri bilme,<br \/>\uf0b7Ki\u015fisel verilerin eksik veya yanl\u0131\u015f i\u015flenmi\u015f olmas\u0131 h\u00e2linde bunlar\u0131n d\u00fczeltilmesini isteme,<br \/>\uf0b7Kanun\u2019un 7. maddesinde \u00f6ng\u00f6r\u00fclen \u015fartlar \u00e7er\u00e7evesinde ki\u015fisel verilerin silinmesini veya yok edilmesini isteme,<br \/>\uf0b75. ve 6. maddeler uyar\u0131nca yap\u0131lan i\u015flemlerin, ki\u015fisel verilerin aktar\u0131ld\u0131\u011f\u0131 \u00fc\u00e7\u00fcnc\u00fc ki\u015filere bildirilmesini isteme,<br \/>\uf0b7\u0130\u015flenen verilerin m\u00fcnhas\u0131ran otomatik sistemler vas\u0131tas\u0131yla analiz edilmesi suretiyle ki\u015finin kendisi aleyhine bir sonucun ortaya \u00e7\u0131kmas\u0131na itiraz etme,<br \/>\uf0b7Ki\u015fisel verilerin kanuna ayk\u0131r\u0131 olarak i\u015flenmesi sebebiyle zarara u\u011framas\u0131 h\u00e2linde zarar\u0131n giderilmesini talep etme,<br \/>haklar\u0131na sahiptir.<br \/>S\u00f6z konusu haklar\u0131n kullan\u0131lmas\u0131 i\u00e7in, ki\u015fisel veri sahipleri taraf\u0131ndan VER\u0130 SORUMLUSU\u2019na, yaz\u0131l\u0131 olarak veya Ki\u015fisel Verileri Koruma Kurulu taraf\u0131ndan belirlenecek di\u011fer y\u00f6ntemlerle ba\u015fvurulmas\u0131 halinde, ba\u015fvurular talebin niteli\u011fine g\u00f6re en k\u0131sa zamanda ancak her hal\u00fck\u00e2rda en ge\u00e7 30 g\u00fcn i\u00e7erisinde sonu\u00e7land\u0131r\u0131l\u0131r. VER\u0130 SORUMLUSU\u2019na ba\u015fvuru i\u00e7in adres ve ileti\u015fim bilgileri a\u015fa\u011f\u0131da belirtilmi\u015ftir.<br \/><strong>6. K\u0130\u015e\u0130SEL VER\u0130LER\u0130N SAKLANMA S\u00dcRES\u0130:<\/strong><br \/>Ki\u015fisel verileriniz, sa\u011fl\u0131k turizmi hizmeti sunma amac\u0131yla gerekli olan s\u00fcre boyunca ve yasal mevzuatta \u00f6ng\u00f6r\u00fclen s\u00fcreler boyunca saklanacakt\u0131r.<br \/><strong>7.\u0130LET\u0130\u015e\u0130M<\/strong><br \/>Kanun\u2019dan do\u011fan haklar\u0131n\u0131z\u0131 kullanmak i\u00e7in, kimlik bilgilerinizi, kullanmak istedi\u011finiz hakk\u0131 ve talebinizin konusunu anlatan detayl\u0131 a\u00e7\u0131klaman\u0131z\u0131 a\u015fa\u011f\u0131daki y\u00f6ntemlerle veri sorumlusuna iletebilirsiniz :<br \/>\uf0b7Yaz\u0131l\u0131 Ba\u015fvuru : Patagonya Sa\u011fl\u0131k Turizm Hizmetleri Ltd \u015eti. [Firma Adresi]<br \/>\uf0b7Elektronik Ba\u015fvuru: info@caurishealth.com<br \/><strong>8. A\u00c7IK RIZA<\/strong><br \/>Yukar\u0131daki metni okudum, anlad\u0131m ve onayl\u0131yorum. Verdi\u011fim bilgilerin do\u011fru olmas\u0131n\u0131n kendi sa\u011fl\u0131\u011f\u0131m ve alaca\u011f\u0131m hizmet a\u00e7\u0131s\u0131ndan \u00f6nemini anlad\u0131m ve bilgilerin yanl\u0131\u015f \u00e7\u0131kmas\u0131 halinde sorumlu oldu\u011fumu biliyorum. Ki\u015fisel verilerimin yukar\u0131da belirtilen ama\u00e7larla i\u015flenmesine ve aktar\u0131m\u0131na a\u00e7\u0131k r\u0131za g\u00f6steriyorum.<\/p>\n<p>\n<\/div><\/div><\/div><\/div><\/div><\/div><\/div><!-- cell_inner --><\/div><!-- cell --><\/div><!-- port --><\/section>\n","protected":false},"excerpt":{"rendered":"","protected":false},"author":1,"featured_media":0,"parent":0,"menu_order":0,"comment_status":"closed","ping_status":"closed","template":"","meta":{"footnotes":""},"class_list":["post-5458","page","type-page","status-publish","hentry"],"yoast_head":"<!-- This site is optimized with the Yoast SEO plugin v26.4 - https:\/\/yoast.com\/wordpress\/plugins\/seo\/ -->\n<title>KVKK Ayd\u0131nlatma Metni - Cauris Health<\/title>\n<meta name=\"robots\" content=\"index, follow, max-snippet:-1, max-image-preview:large, max-video-preview:-1\" \/>\n<link rel=\"canonical\" href=\"https:\/\/caurishealth.com\/tr\/kvkk-aydinlatma-metni\/\" \/>\n<meta property=\"og:locale\" content=\"tr_TR\" \/>\n<meta property=\"og:type\" content=\"article\" \/>\n<meta property=\"og:title\" content=\"KVKK Ayd\u0131nlatma Metni - Cauris Health\" \/>\n<meta property=\"og:url\" content=\"https:\/\/caurishealth.com\/tr\/kvkk-aydinlatma-metni\/\" \/>\n<meta property=\"og:site_name\" content=\"Cauris Health\" \/>\n<meta property=\"article:modified_time\" content=\"2024-06-26T11:06:47+00:00\" \/>\n<meta name=\"twitter:card\" content=\"summary_large_image\" \/>\n<meta name=\"twitter:label1\" content=\"Tahmini okuma s\u00fcresi\" \/>\n\t<meta name=\"twitter:data1\" content=\"7 dakika\" \/>\n<script type=\"application\/ld+json\" class=\"yoast-schema-graph\">{\"@context\":\"https:\/\/schema.org\",\"@graph\":[{\"@type\":\"WebPage\",\"@id\":\"https:\/\/caurishealth.com\/tr\/kvkk-aydinlatma-metni\/\",\"url\":\"https:\/\/caurishealth.com\/tr\/kvkk-aydinlatma-metni\/\",\"name\":\"KVKK Ayd\u0131nlatma Metni - Cauris Health\",\"isPartOf\":{\"@id\":\"https:\/\/caurishealth.com\/#website\"},\"datePublished\":\"2024-06-26T10:45:14+00:00\",\"dateModified\":\"2024-06-26T11:06:47+00:00\",\"breadcrumb\":{\"@id\":\"https:\/\/caurishealth.com\/tr\/kvkk-aydinlatma-metni\/#breadcrumb\"},\"inLanguage\":\"tr\",\"potentialAction\":[{\"@type\":\"ReadAction\",\"target\":[\"https:\/\/caurishealth.com\/tr\/kvkk-aydinlatma-metni\/\"]}]},{\"@type\":\"BreadcrumbList\",\"@id\":\"https:\/\/caurishealth.com\/tr\/kvkk-aydinlatma-metni\/#breadcrumb\",\"itemListElement\":[{\"@type\":\"ListItem\",\"position\":1,\"name\":\"Home\",\"item\":\"https:\/\/caurishealth.com\/tr\/\"},{\"@type\":\"ListItem\",\"position\":2,\"name\":\"KVKK Ayd\u0131nlatma Metni\"}]},{\"@type\":\"WebSite\",\"@id\":\"https:\/\/caurishealth.com\/#website\",\"url\":\"https:\/\/caurishealth.com\/\",\"name\":\"Cauris Health\",\"description\":\"\",\"potentialAction\":[{\"@type\":\"SearchAction\",\"target\":{\"@type\":\"EntryPoint\",\"urlTemplate\":\"https:\/\/caurishealth.com\/?s={search_term_string}\"},\"query-input\":{\"@type\":\"PropertyValueSpecification\",\"valueRequired\":true,\"valueName\":\"search_term_string\"}}],\"inLanguage\":\"tr\"}]}<\/script>\n<!-- \/ Yoast SEO plugin. -->","yoast_head_json":{"title":"KVKK Ayd\u0131nlatma Metni - Cauris Health","robots":{"index":"index","follow":"follow","max-snippet":"max-snippet:-1","max-image-preview":"max-image-preview:large","max-video-preview":"max-video-preview:-1"},"canonical":"https:\/\/caurishealth.com\/tr\/kvkk-aydinlatma-metni\/","og_locale":"tr_TR","og_type":"article","og_title":"KVKK Ayd\u0131nlatma Metni - Cauris Health","og_url":"https:\/\/caurishealth.com\/tr\/kvkk-aydinlatma-metni\/","og_site_name":"Cauris Health","article_modified_time":"2024-06-26T11:06:47+00:00","twitter_card":"summary_large_image","twitter_misc":{"Tahmini okuma s\u00fcresi":"7 dakika"},"schema":{"@context":"https:\/\/schema.org","@graph":[{"@type":"WebPage","@id":"https:\/\/caurishealth.com\/tr\/kvkk-aydinlatma-metni\/","url":"https:\/\/caurishealth.com\/tr\/kvkk-aydinlatma-metni\/","name":"KVKK Ayd\u0131nlatma Metni - Cauris Health","isPartOf":{"@id":"https:\/\/caurishealth.com\/#website"},"datePublished":"2024-06-26T10:45:14+00:00","dateModified":"2024-06-26T11:06:47+00:00","breadcrumb":{"@id":"https:\/\/caurishealth.com\/tr\/kvkk-aydinlatma-metni\/#breadcrumb"},"inLanguage":"tr","potentialAction":[{"@type":"ReadAction","target":["https:\/\/caurishealth.com\/tr\/kvkk-aydinlatma-metni\/"]}]},{"@type":"BreadcrumbList","@id":"https:\/\/caurishealth.com\/tr\/kvkk-aydinlatma-metni\/#breadcrumb","itemListElement":[{"@type":"ListItem","position":1,"name":"Home","item":"https:\/\/caurishealth.com\/tr\/"},{"@type":"ListItem","position":2,"name":"KVKK Ayd\u0131nlatma Metni"}]},{"@type":"WebSite","@id":"https:\/\/caurishealth.com\/#website","url":"https:\/\/caurishealth.com\/","name":"Cauris Health","description":"","potentialAction":[{"@type":"SearchAction","target":{"@type":"EntryPoint","urlTemplate":"https:\/\/caurishealth.com\/?s={search_term_string}"},"query-input":{"@type":"PropertyValueSpecification","valueRequired":true,"valueName":"search_term_string"}}],"inLanguage":"tr"}]}},"_links":{"self":[{"href":"https:\/\/caurishealth.com\/tr\/wp-json\/wp\/v2\/pages\/5458","targetHints":{"allow":["GET"]}}],"collection":[{"href":"https:\/\/caurishealth.com\/tr\/wp-json\/wp\/v2\/pages"}],"about":[{"href":"https:\/\/caurishealth.com\/tr\/wp-json\/wp\/v2\/types\/page"}],"author":[{"embeddable":true,"href":"https:\/\/caurishealth.com\/tr\/wp-json\/wp\/v2\/users\/1"}],"replies":[{"embeddable":true,"href":"https:\/\/caurishealth.com\/tr\/wp-json\/wp\/v2\/comments?post=5458"}],"version-history":[{"count":3,"href":"https:\/\/caurishealth.com\/tr\/wp-json\/wp\/v2\/pages\/5458\/revisions"}],"predecessor-version":[{"id":5461,"href":"https:\/\/caurishealth.com\/tr\/wp-json\/wp\/v2\/pages\/5458\/revisions\/5461"}],"wp:attachment":[{"href":"https:\/\/caurishealth.com\/tr\/wp-json\/wp\/v2\/media?parent=5458"}],"curies":[{"name":"wp","href":"https:\/\/api.w.org\/{rel}","templated":true}]}}