{"id":5511,"date":"2024-08-12T15:14:05","date_gmt":"2024-08-12T12:14:05","guid":{"rendered":"https:\/\/caurishealth.com\/iptal-iade-kosullari\/"},"modified":"2024-08-12T15:27:42","modified_gmt":"2024-08-12T12:27:42","slug":"iptal-iade-kosullari","status":"publish","type":"page","link":"https:\/\/caurishealth.com\/tr\/iptal-iade-kosullari\/","title":{"rendered":"\u0130ptal \u0130ade Ko\u015fullar\u0131"},"content":{"rendered":"<section data-bb-version=\"4.6.1\" id=\"bt_bb_section69e171a5abe02\" class=\"bt_bb_section bt_bb_layout_boxed_1200 bt_bb_vertical_align_top bt_bb_top_spacing_large bt_bb_bottom_spacing_normal\"  data-bt-override-class=\"{&quot;bt_bb_top_spacing_&quot;:{&quot;current_class&quot;:&quot;bt_bb_top_spacing_large&quot;,&quot;def&quot;:&quot;large&quot;,&quot;sm&quot;:&quot;medium&quot;,&quot;xs&quot;:&quot;medium&quot;},&quot;bt_bb_bottom_spacing_&quot;:{&quot;current_class&quot;:&quot;bt_bb_bottom_spacing_normal&quot;,&quot;def&quot;:&quot;normal&quot;}}\"><div class=\"bt_bb_port\"><div class=\"bt_bb_cell\"><div class=\"bt_bb_cell_inner\"><div class=\"bt_bb_row \"  data-bt-override-class=\"{}\"><div class=\"bt_bb_row_holder\" ><div data-bb-version=\"4.6.1\"  class=\"bt_bb_column col-xxl-12 col-xl-12 col-xs-12 col-sm-12 col-md-12 col-lg-12 bt_bb_vertical_align_top bt_bb_align_left bt_bb_padding_normal\" style=\"; --column-width:12;\" data-width=\"12\" data-bt-override-class=\"{&quot;bt_bb_align_&quot;:{&quot;current_class&quot;:&quot;bt_bb_align_left&quot;,&quot;def&quot;:&quot;left&quot;},&quot;bt_bb_padding_&quot;:{&quot;current_class&quot;:&quot;bt_bb_padding_normal&quot;,&quot;def&quot;:&quot;normal&quot;}}\"><div class=\"bt_bb_column_content\"><div class=\"bt_bb_column_content_inner\"><div  class=\"bt_bb_text\" ><\/p>\n<h1><\/h1>\n<h1>\u0130ptal, \u0130ade Ko\u015fullar\u0131 ve Gizlilik<\/h1>\n<h3><strong>\u0130ptal \u0130ade \u015eartlar\u0131<\/strong><\/h3>\n<p>Online tahsilat sisteminden 3d veya sanal pos ile yap\u0131lan tahsilatlarda itiraz s\u00fcreci 10 i\u015f g\u00fcn\u00fcd\u00fcr. Kart sahibinin taraf\u0131m\u0131za iade talebinde bulunmas\u0131ndan 7 i\u015f g\u00fcn\u00fc i\u00e7erisinde firmam\u0131z taraf\u0131ndan de\u011ferlendirme yap\u0131p m\u00fc\u015fteriye bilgi verilecektir. Firmam\u0131z pe\u015fin \u00e7al\u0131\u015fmakta olup fatura tarihinden 10 i\u015f g\u00fcn\u00fc sonraki talepler de\u011ferlendirilmeyecektir.<br \/>\nHizmet \u00f6demelerinin tamam\u0131 i\u00e7in iade talep edilebilir. Depozito \u00f6demeleri i\u00e7in iade yap\u0131lmayacakt\u0131r.<\/p>\n<h3><strong>Ki\u015fisel Bilgi G\u00fcvenli\u011fi<\/strong><\/h3>\n<p>http:\/\/www.caurishealth.com\/ m\u00fc\u015fterilerinden \u00fcyelik ve al\u0131\u015fveri\u015f s\u0131ras\u0131nda al\u0131nan t\u00fcm ki\u015fisel bilgiler mevcut en y\u00fcksek elektronik ve fiziksel g\u00fcvenlik sistemleriyle korunmakta, sadece yetki sahibi personel ve gerekli durumlarda kullan\u0131c\u0131 onay\u0131 ile g\u00f6r\u00fcnt\u00fclenebilecek bir ortamda saklanmaktad\u0131r. Bu bilgiler yaln\u0131zca T\u00fcrkiye Cumhuriyeti kanunlar\u0131 ve uluslararas\u0131 kanunlar \u00e7er\u00e7evesinde kullan\u0131lmaktad\u0131r.<br \/>\nKi\u015fisel bilgilerin kullan\u0131c\u0131 onay\u0131 olmaks\u0131z\u0131n hi\u00e7bir \u015fekilde a\u00e7\u0131klanmamas\u0131, yay\u0131nlanmamas\u0131, \u00fc\u00e7\u00fcnc\u00fc \u015fah\u0131slarla payla\u015f\u0131lmamas\u0131 firmam\u0131z taraf\u0131ndan taahh\u00fct ve garanti edilmi\u015ftir.<br \/>\nhttp:\/\/www.caurishealth.com\/ ki\u015fisel bilgilerin d\u0131\u015f\u0131ndaki genel kullan\u0131c\u0131 bilgilerini kullan\u0131c\u0131 onay\u0131 verildi\u011fi takdirde; bilgilendirme, tan\u0131t\u0131m, duyuru ve teklif amac\u0131yla kullanma haklar\u0131n\u0131 sakl\u0131 tutar.<\/p>\n<h3><strong>\u00d6deme Bilgileri G\u00fcvenli\u011fi<\/strong><\/h3>\n<p>http:\/\/www.caurishealth.com\/ b\u00fcnyesinde olu\u015fturulmu\u015f olan online g\u00fcvenlik departman\u0131; ilk kez al\u0131\u015fveri\u015f yapacak olan m\u00fc\u015fterilerimizin kimlik ve adres bilgilerinin kontrol\u00fcn\u00fc yaparak, gerekli durumlarda m\u00fc\u015fterilerle telefonla irtibata ge\u00e7erek kredi kart\u0131 sahtekarl\u0131\u011f\u0131 gibi yasal olmayan kullan\u0131mlar\u0131 \u00f6nlemek i\u00e7in \u00f6nlem almaktad\u0131r.<br \/>\nhttp:\/\/www.caurishealth.com\/ 256bit g\u00fcvenlik sertifikas\u0131na sahiptir. http:\/\/www.caurishealth.com\/ dan yap\u0131lan al\u0131\u015fveri\u015flerde verilen kredi kart\u0131 bilgileri siteden ba\u011f\u0131ms\u0131z olarak \u0130yzico taraf\u0131ndan sa\u011flanan 256bit SSL \u015fifreleme protokol\u00fc kullan\u0131larak anla\u015fmal\u0131 bankalar\u0131n sistemine aktar\u0131l\u0131r ve banka taraf\u0131ndan sorgulama i\u015flemi yap\u0131l\u0131r. Sorgulama sonucu an\u0131nda m\u00fc\u015fteriye iletilir ve \u00f6deme i\u015flemi tamamlan\u0131r. Girilmi\u015f olan kart bilgileri direk olarak bankaya iletilmekte; t\u00fcm i\u015flemler m\u00fc\u015fteri ve banka aras\u0131nda ger\u00e7ekle\u015fmektedir. Bu bilgiler hi\u00e7bir \u015fekilde site taraf\u0131ndan g\u00f6r\u00fcnt\u00fclenemedi\u011fi ve kaydedilmedi\u011fi i\u00e7in bilgilerin \u00fc\u00e7\u00fcnc\u00fc \u015fah\u0131slar\u0131n eline ge\u00e7mesi m\u00fcmk\u00fcn de\u011fildir.<br \/>\n\u00d6deme sayfas\u0131n\u0131n sa\u011f alt k\u00f6\u015fesinde bulunan kilit resmi sayfan\u0131n SSL ile \u015fifrelenerek g\u00fcvenlik alt\u0131na al\u0131nd\u0131\u011f\u0131n\u0131 g\u00f6stermektedir.<\/p>\n<h3><strong>G\u00dcVENL\u0130K UYARISI<\/strong><\/h3>\n<p>Kredi kart\u0131 bilgilerinin \u00e7al\u0131nmas\u0131 gibi durumlar b\u00fcy\u00fck \u00e7o\u011funlukla fiziki ortamlarda ger\u00e7ekle\u015fmektedir. Bu nedenle restoran vb. yerlerde kredi kartlar\u0131n\u0131n kullan\u0131lmas\u0131 veya kart numaras\u0131n\u0131n ba\u015fkalar\u0131na verilmesi tavsiye edilmemektedir.<br \/>\nKredi kart\u0131n\u0131n \u00e7al\u0131nmas\u0131, kaybolmas\u0131 veya izinsiz kullan\u0131ld\u0131\u011f\u0131n\u0131n fark edilmesi gibi durumlarda zaman kaybedilmeksizin kart\u0131n ait oldu\u011fu banka ile irtibata ge\u00e7ilmeli ve durum bildirilmelidir.<br \/>\nhttp:\/\/www.iyzico.com\/ taraf\u0131ndan tespit edilen kredi kart\u0131 sahtekarl\u0131\u011f\u0131 durumlar\u0131nda ilgili banka ve kart sahibi durum hakk\u0131nda bilgilendirilmektedir.<br \/>\n\u0130nternet \u00fczerinden yap\u0131lan al\u0131\u015fveri\u015flerde al\u0131\u015fveri\u015f yap\u0131lan sitenin adres ve telefon bilgilerinin do\u011frulu\u011fundan emin olunmal\u0131, gerekirse sitedeki m\u00fc\u015fteri hizmetleri numaras\u0131 aranarak do\u011frulama yap\u0131lmal\u0131d\u0131r. http:\/\/www.caurishealth.com\/ \u0130\u015f bu s\u00f6zle\u015fmeden do\u011fabilecek t\u00fcm uyu\u015fmazl\u0131klar\u0131n giderilmesinde \u0130l merkez mahkemeleri ve icra daireleri yetkilidir.<\/p>\n<p>\n<\/div><\/div><\/div><\/div><\/div><\/div><\/div><!-- cell_inner --><\/div><!-- cell --><\/div><!-- port --><\/section>\n","protected":false},"excerpt":{"rendered":"","protected":false},"author":1,"featured_media":0,"parent":0,"menu_order":0,"comment_status":"closed","ping_status":"closed","template":"","meta":{"footnotes":""},"class_list":["post-5511","page","type-page","status-publish","hentry"],"yoast_head":"<!-- This site is optimized with the Yoast SEO plugin v26.4 - https:\/\/yoast.com\/wordpress\/plugins\/seo\/ -->\n<title>\u0130ptal \u0130ade Ko\u015fullar\u0131 - Cauris Health<\/title>\n<meta name=\"robots\" content=\"index, follow, max-snippet:-1, max-image-preview:large, max-video-preview:-1\" \/>\n<link rel=\"canonical\" href=\"https:\/\/caurishealth.com\/tr\/iptal-iade-kosullari\/\" \/>\n<meta property=\"og:locale\" content=\"tr_TR\" \/>\n<meta property=\"og:type\" content=\"article\" \/>\n<meta property=\"og:title\" content=\"\u0130ptal \u0130ade Ko\u015fullar\u0131 - Cauris Health\" \/>\n<meta property=\"og:url\" content=\"https:\/\/caurishealth.com\/tr\/iptal-iade-kosullari\/\" \/>\n<meta property=\"og:site_name\" content=\"Cauris Health\" \/>\n<meta property=\"article:modified_time\" content=\"2024-08-12T12:27:42+00:00\" \/>\n<meta name=\"twitter:card\" content=\"summary_large_image\" \/>\n<meta name=\"twitter:label1\" content=\"Tahmini okuma s\u00fcresi\" \/>\n\t<meta name=\"twitter:data1\" content=\"4 dakika\" \/>\n<script type=\"application\/ld+json\" class=\"yoast-schema-graph\">{\"@context\":\"https:\/\/schema.org\",\"@graph\":[{\"@type\":\"WebPage\",\"@id\":\"https:\/\/caurishealth.com\/tr\/iptal-iade-kosullari\/\",\"url\":\"https:\/\/caurishealth.com\/tr\/iptal-iade-kosullari\/\",\"name\":\"\u0130ptal \u0130ade Ko\u015fullar\u0131 - Cauris Health\",\"isPartOf\":{\"@id\":\"https:\/\/caurishealth.com\/#website\"},\"datePublished\":\"2024-08-12T12:14:05+00:00\",\"dateModified\":\"2024-08-12T12:27:42+00:00\",\"breadcrumb\":{\"@id\":\"https:\/\/caurishealth.com\/tr\/iptal-iade-kosullari\/#breadcrumb\"},\"inLanguage\":\"tr\",\"potentialAction\":[{\"@type\":\"ReadAction\",\"target\":[\"https:\/\/caurishealth.com\/tr\/iptal-iade-kosullari\/\"]}]},{\"@type\":\"BreadcrumbList\",\"@id\":\"https:\/\/caurishealth.com\/tr\/iptal-iade-kosullari\/#breadcrumb\",\"itemListElement\":[{\"@type\":\"ListItem\",\"position\":1,\"name\":\"Home\",\"item\":\"https:\/\/caurishealth.com\/tr\/\"},{\"@type\":\"ListItem\",\"position\":2,\"name\":\"\u0130ptal \u0130ade Ko\u015fullar\u0131\"}]},{\"@type\":\"WebSite\",\"@id\":\"https:\/\/caurishealth.com\/#website\",\"url\":\"https:\/\/caurishealth.com\/\",\"name\":\"Cauris Health\",\"description\":\"\",\"potentialAction\":[{\"@type\":\"SearchAction\",\"target\":{\"@type\":\"EntryPoint\",\"urlTemplate\":\"https:\/\/caurishealth.com\/?s={search_term_string}\"},\"query-input\":{\"@type\":\"PropertyValueSpecification\",\"valueRequired\":true,\"valueName\":\"search_term_string\"}}],\"inLanguage\":\"tr\"}]}<\/script>\n<!-- \/ Yoast SEO plugin. -->","yoast_head_json":{"title":"\u0130ptal \u0130ade Ko\u015fullar\u0131 - Cauris Health","robots":{"index":"index","follow":"follow","max-snippet":"max-snippet:-1","max-image-preview":"max-image-preview:large","max-video-preview":"max-video-preview:-1"},"canonical":"https:\/\/caurishealth.com\/tr\/iptal-iade-kosullari\/","og_locale":"tr_TR","og_type":"article","og_title":"\u0130ptal \u0130ade Ko\u015fullar\u0131 - Cauris Health","og_url":"https:\/\/caurishealth.com\/tr\/iptal-iade-kosullari\/","og_site_name":"Cauris Health","article_modified_time":"2024-08-12T12:27:42+00:00","twitter_card":"summary_large_image","twitter_misc":{"Tahmini okuma s\u00fcresi":"4 dakika"},"schema":{"@context":"https:\/\/schema.org","@graph":[{"@type":"WebPage","@id":"https:\/\/caurishealth.com\/tr\/iptal-iade-kosullari\/","url":"https:\/\/caurishealth.com\/tr\/iptal-iade-kosullari\/","name":"\u0130ptal \u0130ade Ko\u015fullar\u0131 - Cauris Health","isPartOf":{"@id":"https:\/\/caurishealth.com\/#website"},"datePublished":"2024-08-12T12:14:05+00:00","dateModified":"2024-08-12T12:27:42+00:00","breadcrumb":{"@id":"https:\/\/caurishealth.com\/tr\/iptal-iade-kosullari\/#breadcrumb"},"inLanguage":"tr","potentialAction":[{"@type":"ReadAction","target":["https:\/\/caurishealth.com\/tr\/iptal-iade-kosullari\/"]}]},{"@type":"BreadcrumbList","@id":"https:\/\/caurishealth.com\/tr\/iptal-iade-kosullari\/#breadcrumb","itemListElement":[{"@type":"ListItem","position":1,"name":"Home","item":"https:\/\/caurishealth.com\/tr\/"},{"@type":"ListItem","position":2,"name":"\u0130ptal \u0130ade Ko\u015fullar\u0131"}]},{"@type":"WebSite","@id":"https:\/\/caurishealth.com\/#website","url":"https:\/\/caurishealth.com\/","name":"Cauris Health","description":"","potentialAction":[{"@type":"SearchAction","target":{"@type":"EntryPoint","urlTemplate":"https:\/\/caurishealth.com\/?s={search_term_string}"},"query-input":{"@type":"PropertyValueSpecification","valueRequired":true,"valueName":"search_term_string"}}],"inLanguage":"tr"}]}},"_links":{"self":[{"href":"https:\/\/caurishealth.com\/tr\/wp-json\/wp\/v2\/pages\/5511","targetHints":{"allow":["GET"]}}],"collection":[{"href":"https:\/\/caurishealth.com\/tr\/wp-json\/wp\/v2\/pages"}],"about":[{"href":"https:\/\/caurishealth.com\/tr\/wp-json\/wp\/v2\/types\/page"}],"author":[{"embeddable":true,"href":"https:\/\/caurishealth.com\/tr\/wp-json\/wp\/v2\/users\/1"}],"replies":[{"embeddable":true,"href":"https:\/\/caurishealth.com\/tr\/wp-json\/wp\/v2\/comments?post=5511"}],"version-history":[{"count":5,"href":"https:\/\/caurishealth.com\/tr\/wp-json\/wp\/v2\/pages\/5511\/revisions"}],"predecessor-version":[{"id":5516,"href":"https:\/\/caurishealth.com\/tr\/wp-json\/wp\/v2\/pages\/5511\/revisions\/5516"}],"wp:attachment":[{"href":"https:\/\/caurishealth.com\/tr\/wp-json\/wp\/v2\/media?parent=5511"}],"curies":[{"name":"wp","href":"https:\/\/api.w.org\/{rel}","templated":true}]}}